{"id":164,"date":"2025-02-27T17:52:27","date_gmt":"2025-02-27T16:52:27","guid":{"rendered":"https:\/\/viwa.com.pl\/?page_id=164"},"modified":"2025-02-27T21:27:55","modified_gmt":"2025-02-27T20:27:55","slug":"kontakt","status":"publish","type":"page","link":"https:\/\/viwa.com.pl\/?page_id=164","title":{"rendered":"Kontakt"},"content":{"rendered":"\t\t<div data-elementor-type=\"wp-page\" data-elementor-id=\"164\" class=\"elementor elementor-164\">\n\t\t\t\t<div class=\"elementor-element elementor-element-63f0ea66 e-con-full e-flex e-con e-parent\" data-id=\"63f0ea66\" data-element_type=\"container\" data-settings=\"{&quot;background_background&quot;:&quot;classic&quot;}\">\n\t\t<div class=\"elementor-element elementor-element-83a7735 e-con-full e-flex e-con e-child\" data-id=\"83a7735\" data-element_type=\"container\">\n\t\t\t\t<div class=\"elementor-element elementor-element-3904ca04 elementor-widget elementor-widget-heading\" data-id=\"3904ca04\" data-element_type=\"widget\" data-widget_type=\"heading.default\">\n\t\t\t\t<div class=\"elementor-widget-container\">\n\t\t\t\t\t<h1 class=\"elementor-heading-title elementor-size-default\">Kontakt<\/h1>\t\t\t\t<\/div>\n\t\t\t\t<\/div>\n\t\t\t\t<div class=\"elementor-element elementor-element-30cd8ac7 elementor-widget elementor-widget-text-editor\" data-id=\"30cd8ac7\" data-element_type=\"widget\" data-widget_type=\"text-editor.default\">\n\t\t\t\t<div class=\"elementor-widget-container\">\n\t\t\t\t\t\t\t\t\t<p>F.H.U &#8222;VIWA&#8221;<br>Witold Ka\u015bk\u00f3w<br>Hurtownia Chemii<br>art. biurowych i BHP<\/p>\n<p>ul. Stefana \u017beromskiego 17D<br><span style=\"letter-spacing: 0px; word-spacing: 0em; text-align: var(--text-align);\">48-100 G\u0142ubczyce<\/span><span style=\"letter-spacing: 0px; word-spacing: 0em; text-align: var(--text-align);\">&nbsp;<\/span><\/p>\n<p>tel.&nbsp;536 446 823<br>e-mail: viwa@viwa.com.pl<\/p>\t\t\t\t\t\t\t\t<\/div>\n\t\t\t\t<\/div>\n\t\t\t\t<div class=\"elementor-element elementor-element-d0de708 elementor-widget-divider--view-line elementor-widget elementor-widget-divider\" data-id=\"d0de708\" data-element_type=\"widget\" data-widget_type=\"divider.default\">\n\t\t\t\t<div class=\"elementor-widget-container\">\n\t\t\t\t\t\t\t<div class=\"elementor-divider\">\n\t\t\t<span class=\"elementor-divider-separator\">\n\t\t\t\t\t\t<\/span>\n\t\t<\/div>\n\t\t\t\t\t\t<\/div>\n\t\t\t\t<\/div>\n\t\t\t\t<div class=\"elementor-element elementor-element-9b8af5e elementor-widget elementor-widget-html\" data-id=\"9b8af5e\" data-element_type=\"widget\" data-widget_type=\"html.default\">\n\t\t\t\t<div class=\"elementor-widget-container\">\n\t\t\t\t\t<iframe src=\"https:\/\/www.google.com\/maps\/embed?pb=!1m18!1m12!1m3!1d2553.690305947432!2d17.818403534492656!3d50.20431950979127!2m3!1f0!2f0!3f0!3m2!1i1024!2i768!4f13.1!3m3!1m2!1s0x47117616cc5baa1f%3A0xcba4f94ae8332013!2sF.H.U%20%22VIWA%22%20Hurtownia%20Chemii%20art.%20biurowych%20i%20BHP!5e0!3m2!1spl!2spl!4v1740674976692!5m2!1spl!2spl\" width=\"1200\" height=\"600\" style=\"border:0;\" allowfullscreen=\"\" loading=\"lazy\" referrerpolicy=\"no-referrer-when-downgrade\"><\/iframe>\t\t\t\t<\/div>\n\t\t\t\t<\/div>\n\t\t\t\t<\/div>\n\t\t\t\t<\/div>\n\t\t<div class=\"elementor-element elementor-element-412c576 e-flex e-con-boxed e-con e-parent\" data-id=\"412c576\" data-element_type=\"container\">\n\t\t\t\t\t<div class=\"e-con-inner\">\n\t\t\t\t\t<\/div>\n\t\t\t\t<\/div>\n\t\t\t\t<\/div>\n\t\t","protected":false},"excerpt":{"rendered":"<p>Kontakt F.H.U &#8222;VIWA&#8221;Witold Ka\u015bk\u00f3wHurtownia Chemiiart. biurowych i BHP ul. Stefana \u017beromskiego 17D48-100 G\u0142ubczyce&nbsp; tel.&nbsp;536 446 823e-mail: viwa@viwa.com.pl<\/p>\n","protected":false},"author":1,"featured_media":0,"parent":0,"menu_order":0,"comment_status":"closed","ping_status":"closed","template":"","meta":{"footnotes":""},"class_list":["post-164","page","type-page","status-publish","hentry"],"yoast_head":"<!-- This site is optimized with the Yoast SEO plugin v27.4 - https:\/\/yoast.com\/product\/yoast-seo-wordpress\/ -->\n<title>Kontakt - Viwa G\u0142ubczyce<\/title>\n<meta name=\"robots\" content=\"index, follow, max-snippet:-1, max-image-preview:large, max-video-preview:-1\" \/>\n<link rel=\"canonical\" href=\"https:\/\/viwa.com.pl\/?page_id=164\" \/>\n<meta property=\"og:locale\" content=\"pl_PL\" \/>\n<meta property=\"og:type\" content=\"article\" \/>\n<meta property=\"og:title\" content=\"Kontakt - Viwa G\u0142ubczyce\" \/>\n<meta property=\"og:description\" content=\"Kontakt F.H.U &#8222;VIWA&#8221;Witold Ka\u015bk\u00f3wHurtownia Chemiiart. biurowych i BHP ul. Stefana \u017beromskiego 17D48-100 G\u0142ubczyce&nbsp; tel.&nbsp;536 446 823e-mail: viwa@viwa.com.pl\" \/>\n<meta property=\"og:url\" content=\"https:\/\/viwa.com.pl\/?page_id=164\" \/>\n<meta property=\"og:site_name\" content=\"Viwa G\u0142ubczyce\" \/>\n<meta property=\"article:modified_time\" content=\"2025-02-27T20:27:55+00:00\" \/>\n<meta name=\"twitter:card\" content=\"summary_large_image\" \/>\n<meta name=\"twitter:label1\" content=\"Szacowany czas czytania\" \/>\n\t<meta name=\"twitter:data1\" content=\"1 minuta\" \/>\n<script type=\"application\/ld+json\" class=\"yoast-schema-graph\">{\"@context\":\"https:\\\/\\\/schema.org\",\"@graph\":[{\"@type\":\"WebPage\",\"@id\":\"https:\\\/\\\/viwa.com.pl\\\/?page_id=164\",\"url\":\"https:\\\/\\\/viwa.com.pl\\\/?page_id=164\",\"name\":\"Kontakt - Viwa G\u0142ubczyce\",\"isPartOf\":{\"@id\":\"http:\\\/\\\/viwa.com.pl\\\/#website\"},\"datePublished\":\"2025-02-27T16:52:27+00:00\",\"dateModified\":\"2025-02-27T20:27:55+00:00\",\"breadcrumb\":{\"@id\":\"https:\\\/\\\/viwa.com.pl\\\/?page_id=164#breadcrumb\"},\"inLanguage\":\"pl-PL\",\"potentialAction\":[{\"@type\":\"ReadAction\",\"target\":[\"https:\\\/\\\/viwa.com.pl\\\/?page_id=164\"]}]},{\"@type\":\"BreadcrumbList\",\"@id\":\"https:\\\/\\\/viwa.com.pl\\\/?page_id=164#breadcrumb\",\"itemListElement\":[{\"@type\":\"ListItem\",\"position\":1,\"name\":\"Home\",\"item\":\"http:\\\/\\\/viwa.com.pl\\\/\"},{\"@type\":\"ListItem\",\"position\":2,\"name\":\"Kontakt\"}]},{\"@type\":\"WebSite\",\"@id\":\"http:\\\/\\\/viwa.com.pl\\\/#website\",\"url\":\"http:\\\/\\\/viwa.com.pl\\\/\",\"name\":\"Viwa G\u0142ubczyce\",\"description\":\"Hurtownia chemii\",\"publisher\":{\"@id\":\"http:\\\/\\\/viwa.com.pl\\\/#organization\"},\"potentialAction\":[{\"@type\":\"SearchAction\",\"target\":{\"@type\":\"EntryPoint\",\"urlTemplate\":\"http:\\\/\\\/viwa.com.pl\\\/?s={search_term_string}\"},\"query-input\":{\"@type\":\"PropertyValueSpecification\",\"valueRequired\":true,\"valueName\":\"search_term_string\"}}],\"inLanguage\":\"pl-PL\"},{\"@type\":\"Organization\",\"@id\":\"http:\\\/\\\/viwa.com.pl\\\/#organization\",\"name\":\"Viwa G\u0142ubczyce\",\"url\":\"http:\\\/\\\/viwa.com.pl\\\/\",\"logo\":{\"@type\":\"ImageObject\",\"inLanguage\":\"pl-PL\",\"@id\":\"http:\\\/\\\/viwa.com.pl\\\/#\\\/schema\\\/logo\\\/image\\\/\",\"url\":\"https:\\\/\\\/viwa.com.pl\\\/wp-content\\\/uploads\\\/2025\\\/01\\\/Logo-Viwa.png\",\"contentUrl\":\"https:\\\/\\\/viwa.com.pl\\\/wp-content\\\/uploads\\\/2025\\\/01\\\/Logo-Viwa.png\",\"width\":512,\"height\":512,\"caption\":\"Viwa G\u0142ubczyce\"},\"image\":{\"@id\":\"http:\\\/\\\/viwa.com.pl\\\/#\\\/schema\\\/logo\\\/image\\\/\"}}]}<\/script>\n<!-- \/ Yoast SEO plugin. -->","yoast_head_json":{"title":"Kontakt - Viwa G\u0142ubczyce","robots":{"index":"index","follow":"follow","max-snippet":"max-snippet:-1","max-image-preview":"max-image-preview:large","max-video-preview":"max-video-preview:-1"},"canonical":"https:\/\/viwa.com.pl\/?page_id=164","og_locale":"pl_PL","og_type":"article","og_title":"Kontakt - Viwa G\u0142ubczyce","og_description":"Kontakt F.H.U &#8222;VIWA&#8221;Witold Ka\u015bk\u00f3wHurtownia Chemiiart. biurowych i BHP ul. Stefana \u017beromskiego 17D48-100 G\u0142ubczyce&nbsp; tel.&nbsp;536 446 823e-mail: viwa@viwa.com.pl","og_url":"https:\/\/viwa.com.pl\/?page_id=164","og_site_name":"Viwa G\u0142ubczyce","article_modified_time":"2025-02-27T20:27:55+00:00","twitter_card":"summary_large_image","twitter_misc":{"Szacowany czas czytania":"1 minuta"},"schema":{"@context":"https:\/\/schema.org","@graph":[{"@type":"WebPage","@id":"https:\/\/viwa.com.pl\/?page_id=164","url":"https:\/\/viwa.com.pl\/?page_id=164","name":"Kontakt - Viwa G\u0142ubczyce","isPartOf":{"@id":"http:\/\/viwa.com.pl\/#website"},"datePublished":"2025-02-27T16:52:27+00:00","dateModified":"2025-02-27T20:27:55+00:00","breadcrumb":{"@id":"https:\/\/viwa.com.pl\/?page_id=164#breadcrumb"},"inLanguage":"pl-PL","potentialAction":[{"@type":"ReadAction","target":["https:\/\/viwa.com.pl\/?page_id=164"]}]},{"@type":"BreadcrumbList","@id":"https:\/\/viwa.com.pl\/?page_id=164#breadcrumb","itemListElement":[{"@type":"ListItem","position":1,"name":"Home","item":"http:\/\/viwa.com.pl\/"},{"@type":"ListItem","position":2,"name":"Kontakt"}]},{"@type":"WebSite","@id":"http:\/\/viwa.com.pl\/#website","url":"http:\/\/viwa.com.pl\/","name":"Viwa G\u0142ubczyce","description":"Hurtownia chemii","publisher":{"@id":"http:\/\/viwa.com.pl\/#organization"},"potentialAction":[{"@type":"SearchAction","target":{"@type":"EntryPoint","urlTemplate":"http:\/\/viwa.com.pl\/?s={search_term_string}"},"query-input":{"@type":"PropertyValueSpecification","valueRequired":true,"valueName":"search_term_string"}}],"inLanguage":"pl-PL"},{"@type":"Organization","@id":"http:\/\/viwa.com.pl\/#organization","name":"Viwa G\u0142ubczyce","url":"http:\/\/viwa.com.pl\/","logo":{"@type":"ImageObject","inLanguage":"pl-PL","@id":"http:\/\/viwa.com.pl\/#\/schema\/logo\/image\/","url":"https:\/\/viwa.com.pl\/wp-content\/uploads\/2025\/01\/Logo-Viwa.png","contentUrl":"https:\/\/viwa.com.pl\/wp-content\/uploads\/2025\/01\/Logo-Viwa.png","width":512,"height":512,"caption":"Viwa G\u0142ubczyce"},"image":{"@id":"http:\/\/viwa.com.pl\/#\/schema\/logo\/image\/"}}]}},"_links":{"self":[{"href":"https:\/\/viwa.com.pl\/index.php?rest_route=\/wp\/v2\/pages\/164","targetHints":{"allow":["GET"]}}],"collection":[{"href":"https:\/\/viwa.com.pl\/index.php?rest_route=\/wp\/v2\/pages"}],"about":[{"href":"https:\/\/viwa.com.pl\/index.php?rest_route=\/wp\/v2\/types\/page"}],"author":[{"embeddable":true,"href":"https:\/\/viwa.com.pl\/index.php?rest_route=\/wp\/v2\/users\/1"}],"replies":[{"embeddable":true,"href":"https:\/\/viwa.com.pl\/index.php?rest_route=%2Fwp%2Fv2%2Fcomments&post=164"}],"version-history":[{"count":22,"href":"https:\/\/viwa.com.pl\/index.php?rest_route=\/wp\/v2\/pages\/164\/revisions"}],"predecessor-version":[{"id":274,"href":"https:\/\/viwa.com.pl\/index.php?rest_route=\/wp\/v2\/pages\/164\/revisions\/274"}],"wp:attachment":[{"href":"https:\/\/viwa.com.pl\/index.php?rest_route=%2Fwp%2Fv2%2Fmedia&parent=164"}],"curies":[{"name":"wp","href":"https:\/\/api.w.org\/{rel}","templated":true}]}}