{"id":198,"date":"2025-02-27T18:15:09","date_gmt":"2025-02-27T17:15:09","guid":{"rendered":"https:\/\/viwa.com.pl\/?page_id=198"},"modified":"2025-02-27T18:18:14","modified_gmt":"2025-02-27T17:18:14","slug":"opakowania","status":"publish","type":"page","link":"https:\/\/viwa.com.pl\/?page_id=198","title":{"rendered":"Opakowania"},"content":{"rendered":"\t\t<div data-elementor-type=\"wp-page\" data-elementor-id=\"198\" class=\"elementor elementor-198\">\n\t\t\t\t<div class=\"elementor-element elementor-element-63f0ea66 e-con-full e-flex e-con e-parent\" data-id=\"63f0ea66\" data-element_type=\"container\" data-settings=\"{&quot;background_background&quot;:&quot;classic&quot;}\">\n\t\t<div class=\"elementor-element elementor-element-83a7735 e-con-full e-flex e-con e-child\" data-id=\"83a7735\" data-element_type=\"container\">\n\t\t\t\t<div class=\"elementor-element elementor-element-3904ca04 elementor-widget elementor-widget-heading\" data-id=\"3904ca04\" data-element_type=\"widget\" data-widget_type=\"heading.default\">\n\t\t\t\t<div class=\"elementor-widget-container\">\n\t\t\t\t\t<h1 class=\"elementor-heading-title elementor-size-default\">Opakowania<\/h1>\t\t\t\t<\/div>\n\t\t\t\t<\/div>\n\t\t\t\t<div class=\"elementor-element elementor-element-30cd8ac7 elementor-widget elementor-widget-text-editor\" data-id=\"30cd8ac7\" data-element_type=\"widget\" data-widget_type=\"text-editor.default\">\n\t\t\t\t<div class=\"elementor-widget-container\">\n\t\t\t\t\t\t\t\t\t<p>Opis dzia\u0142alno\u015bci&#8230; Lorem ipsum dolor sit amet, consectetur adipiscing elit, sed do eiusmod tempor incididunt ut labore et dolore magna aliqua. Ut enim ad minim veniam, quis nostrud exercitation ullamco laboris nisi ut aliquip ex ea commodo consequat. Duis aute irure dolor in reprehenderit in voluptate velit esse cillum dolore eu fugiat nulla pariatur.<\/p>\t\t\t\t\t\t\t\t<\/div>\n\t\t\t\t<\/div>\n\t\t\t\t<div class=\"elementor-element elementor-element-329f26ec elementor-mobile-align-center elementor-widget elementor-widget-button\" data-id=\"329f26ec\" data-element_type=\"widget\" data-widget_type=\"button.default\">\n\t\t\t\t<div class=\"elementor-widget-container\">\n\t\t\t\t\t\t\t\t\t<div class=\"elementor-button-wrapper\">\n\t\t\t\t\t<a class=\"elementor-button elementor-button-link elementor-size-sm\" href=\"https:\/\/viwa.com.pl\/?page_id=164\">\n\t\t\t\t\t\t<span class=\"elementor-button-content-wrapper\">\n\t\t\t\t\t\t\t\t\t<span class=\"elementor-button-text\">Skontaktuj si\u0119 z nami<\/span>\n\t\t\t\t\t<\/span>\n\t\t\t\t\t<\/a>\n\t\t\t\t<\/div>\n\t\t\t\t\t\t\t\t<\/div>\n\t\t\t\t<\/div>\n\t\t\t\t<\/div>\n\t\t<div class=\"elementor-element elementor-element-30bf0848 e-con-full e-flex e-con e-child\" data-id=\"30bf0848\" data-element_type=\"container\">\n\t\t\t\t<div class=\"elementor-element elementor-element-400cae62 elementor-widget elementor-widget-image\" data-id=\"400cae62\" data-element_type=\"widget\" data-widget_type=\"image.default\">\n\t\t\t\t<div class=\"elementor-widget-container\">\n\t\t\t\t\t\t\t\t\t\t\t\t\t\t\t<img fetchpriority=\"high\" decoding=\"async\" width=\"1000\" height=\"667\" src=\"https:\/\/viwa.com.pl\/wp-content\/uploads\/2025\/02\/1612.jpg\" class=\"attachment-full size-full wp-image-119\" alt=\"\" srcset=\"https:\/\/viwa.com.pl\/wp-content\/uploads\/2025\/02\/1612.jpg 1000w, https:\/\/viwa.com.pl\/wp-content\/uploads\/2025\/02\/1612-600x400.jpg 600w, https:\/\/viwa.com.pl\/wp-content\/uploads\/2025\/02\/1612-300x200.jpg 300w, https:\/\/viwa.com.pl\/wp-content\/uploads\/2025\/02\/1612-768x512.jpg 768w\" sizes=\"(max-width: 1000px) 100vw, 1000px\" \/>\t\t\t\t\t\t\t\t\t\t\t\t\t\t\t<\/div>\n\t\t\t\t<\/div>\n\t\t\t\t<\/div>\n\t\t\t\t<\/div>\n\t\t\t\t<\/div>\n\t\t","protected":false},"excerpt":{"rendered":"<p>Opakowania Opis dzia\u0142alno\u015bci&#8230; Lorem ipsum dolor sit amet, consectetur adipiscing elit, sed do eiusmod tempor incididunt ut labore et dolore magna aliqua. Ut enim ad minim veniam, quis nostrud exercitation ullamco laboris nisi ut aliquip ex ea commodo consequat. Duis aute irure dolor in reprehenderit in voluptate velit esse cillum dolore eu fugiat nulla pariatur. [&hellip;]<\/p>\n","protected":false},"author":1,"featured_media":0,"parent":0,"menu_order":0,"comment_status":"closed","ping_status":"closed","template":"","meta":{"footnotes":""},"class_list":["post-198","page","type-page","status-publish","hentry"],"yoast_head":"<!-- This site is optimized with the Yoast SEO plugin v27.4 - https:\/\/yoast.com\/product\/yoast-seo-wordpress\/ -->\n<title>Opakowania - Viwa G\u0142ubczyce<\/title>\n<meta name=\"robots\" content=\"index, follow, max-snippet:-1, max-image-preview:large, max-video-preview:-1\" \/>\n<link rel=\"canonical\" href=\"https:\/\/viwa.com.pl\/?page_id=198\" \/>\n<meta property=\"og:locale\" content=\"pl_PL\" \/>\n<meta property=\"og:type\" content=\"article\" \/>\n<meta property=\"og:title\" content=\"Opakowania - Viwa G\u0142ubczyce\" \/>\n<meta property=\"og:description\" content=\"Opakowania Opis dzia\u0142alno\u015bci&#8230; Lorem ipsum dolor sit amet, consectetur adipiscing elit, sed do eiusmod tempor incididunt ut labore et dolore magna aliqua. Ut enim ad minim veniam, quis nostrud exercitation ullamco laboris nisi ut aliquip ex ea commodo consequat. Duis aute irure dolor in reprehenderit in voluptate velit esse cillum dolore eu fugiat nulla pariatur. [&hellip;]\" \/>\n<meta property=\"og:url\" content=\"https:\/\/viwa.com.pl\/?page_id=198\" \/>\n<meta property=\"og:site_name\" content=\"Viwa G\u0142ubczyce\" \/>\n<meta property=\"article:modified_time\" content=\"2025-02-27T17:18:14+00:00\" \/>\n<meta property=\"og:image\" content=\"http:\/\/viwa.com.pl\/wp-content\/uploads\/2025\/02\/1612.jpg\" \/>\n<meta name=\"twitter:card\" content=\"summary_large_image\" \/>\n<meta name=\"twitter:label1\" content=\"Szacowany czas czytania\" \/>\n\t<meta name=\"twitter:data1\" content=\"1 minuta\" \/>\n<script type=\"application\/ld+json\" class=\"yoast-schema-graph\">{\"@context\":\"https:\\\/\\\/schema.org\",\"@graph\":[{\"@type\":\"WebPage\",\"@id\":\"https:\\\/\\\/viwa.com.pl\\\/?page_id=198\",\"url\":\"https:\\\/\\\/viwa.com.pl\\\/?page_id=198\",\"name\":\"Opakowania - Viwa G\u0142ubczyce\",\"isPartOf\":{\"@id\":\"http:\\\/\\\/viwa.com.pl\\\/#website\"},\"primaryImageOfPage\":{\"@id\":\"https:\\\/\\\/viwa.com.pl\\\/?page_id=198#primaryimage\"},\"image\":{\"@id\":\"https:\\\/\\\/viwa.com.pl\\\/?page_id=198#primaryimage\"},\"thumbnailUrl\":\"http:\\\/\\\/viwa.com.pl\\\/wp-content\\\/uploads\\\/2025\\\/02\\\/1612.jpg\",\"datePublished\":\"2025-02-27T17:15:09+00:00\",\"dateModified\":\"2025-02-27T17:18:14+00:00\",\"breadcrumb\":{\"@id\":\"https:\\\/\\\/viwa.com.pl\\\/?page_id=198#breadcrumb\"},\"inLanguage\":\"pl-PL\",\"potentialAction\":[{\"@type\":\"ReadAction\",\"target\":[\"https:\\\/\\\/viwa.com.pl\\\/?page_id=198\"]}]},{\"@type\":\"ImageObject\",\"inLanguage\":\"pl-PL\",\"@id\":\"https:\\\/\\\/viwa.com.pl\\\/?page_id=198#primaryimage\",\"url\":\"https:\\\/\\\/viwa.com.pl\\\/wp-content\\\/uploads\\\/2025\\\/02\\\/1612.jpg\",\"contentUrl\":\"https:\\\/\\\/viwa.com.pl\\\/wp-content\\\/uploads\\\/2025\\\/02\\\/1612.jpg\",\"width\":1000,\"height\":667},{\"@type\":\"BreadcrumbList\",\"@id\":\"https:\\\/\\\/viwa.com.pl\\\/?page_id=198#breadcrumb\",\"itemListElement\":[{\"@type\":\"ListItem\",\"position\":1,\"name\":\"Home\",\"item\":\"http:\\\/\\\/viwa.com.pl\\\/\"},{\"@type\":\"ListItem\",\"position\":2,\"name\":\"Opakowania\"}]},{\"@type\":\"WebSite\",\"@id\":\"http:\\\/\\\/viwa.com.pl\\\/#website\",\"url\":\"http:\\\/\\\/viwa.com.pl\\\/\",\"name\":\"Viwa G\u0142ubczyce\",\"description\":\"Hurtownia chemii\",\"publisher\":{\"@id\":\"http:\\\/\\\/viwa.com.pl\\\/#organization\"},\"potentialAction\":[{\"@type\":\"SearchAction\",\"target\":{\"@type\":\"EntryPoint\",\"urlTemplate\":\"http:\\\/\\\/viwa.com.pl\\\/?s={search_term_string}\"},\"query-input\":{\"@type\":\"PropertyValueSpecification\",\"valueRequired\":true,\"valueName\":\"search_term_string\"}}],\"inLanguage\":\"pl-PL\"},{\"@type\":\"Organization\",\"@id\":\"http:\\\/\\\/viwa.com.pl\\\/#organization\",\"name\":\"Viwa G\u0142ubczyce\",\"url\":\"http:\\\/\\\/viwa.com.pl\\\/\",\"logo\":{\"@type\":\"ImageObject\",\"inLanguage\":\"pl-PL\",\"@id\":\"http:\\\/\\\/viwa.com.pl\\\/#\\\/schema\\\/logo\\\/image\\\/\",\"url\":\"https:\\\/\\\/viwa.com.pl\\\/wp-content\\\/uploads\\\/2025\\\/01\\\/Logo-Viwa.png\",\"contentUrl\":\"https:\\\/\\\/viwa.com.pl\\\/wp-content\\\/uploads\\\/2025\\\/01\\\/Logo-Viwa.png\",\"width\":512,\"height\":512,\"caption\":\"Viwa G\u0142ubczyce\"},\"image\":{\"@id\":\"http:\\\/\\\/viwa.com.pl\\\/#\\\/schema\\\/logo\\\/image\\\/\"}}]}<\/script>\n<!-- \/ Yoast SEO plugin. -->","yoast_head_json":{"title":"Opakowania - Viwa G\u0142ubczyce","robots":{"index":"index","follow":"follow","max-snippet":"max-snippet:-1","max-image-preview":"max-image-preview:large","max-video-preview":"max-video-preview:-1"},"canonical":"https:\/\/viwa.com.pl\/?page_id=198","og_locale":"pl_PL","og_type":"article","og_title":"Opakowania - Viwa G\u0142ubczyce","og_description":"Opakowania Opis dzia\u0142alno\u015bci&#8230; Lorem ipsum dolor sit amet, consectetur adipiscing elit, sed do eiusmod tempor incididunt ut labore et dolore magna aliqua. Ut enim ad minim veniam, quis nostrud exercitation ullamco laboris nisi ut aliquip ex ea commodo consequat. Duis aute irure dolor in reprehenderit in voluptate velit esse cillum dolore eu fugiat nulla pariatur. [&hellip;]","og_url":"https:\/\/viwa.com.pl\/?page_id=198","og_site_name":"Viwa G\u0142ubczyce","article_modified_time":"2025-02-27T17:18:14+00:00","og_image":[{"url":"http:\/\/viwa.com.pl\/wp-content\/uploads\/2025\/02\/1612.jpg","type":"","width":"","height":""}],"twitter_card":"summary_large_image","twitter_misc":{"Szacowany czas czytania":"1 minuta"},"schema":{"@context":"https:\/\/schema.org","@graph":[{"@type":"WebPage","@id":"https:\/\/viwa.com.pl\/?page_id=198","url":"https:\/\/viwa.com.pl\/?page_id=198","name":"Opakowania - Viwa G\u0142ubczyce","isPartOf":{"@id":"http:\/\/viwa.com.pl\/#website"},"primaryImageOfPage":{"@id":"https:\/\/viwa.com.pl\/?page_id=198#primaryimage"},"image":{"@id":"https:\/\/viwa.com.pl\/?page_id=198#primaryimage"},"thumbnailUrl":"http:\/\/viwa.com.pl\/wp-content\/uploads\/2025\/02\/1612.jpg","datePublished":"2025-02-27T17:15:09+00:00","dateModified":"2025-02-27T17:18:14+00:00","breadcrumb":{"@id":"https:\/\/viwa.com.pl\/?page_id=198#breadcrumb"},"inLanguage":"pl-PL","potentialAction":[{"@type":"ReadAction","target":["https:\/\/viwa.com.pl\/?page_id=198"]}]},{"@type":"ImageObject","inLanguage":"pl-PL","@id":"https:\/\/viwa.com.pl\/?page_id=198#primaryimage","url":"https:\/\/viwa.com.pl\/wp-content\/uploads\/2025\/02\/1612.jpg","contentUrl":"https:\/\/viwa.com.pl\/wp-content\/uploads\/2025\/02\/1612.jpg","width":1000,"height":667},{"@type":"BreadcrumbList","@id":"https:\/\/viwa.com.pl\/?page_id=198#breadcrumb","itemListElement":[{"@type":"ListItem","position":1,"name":"Home","item":"http:\/\/viwa.com.pl\/"},{"@type":"ListItem","position":2,"name":"Opakowania"}]},{"@type":"WebSite","@id":"http:\/\/viwa.com.pl\/#website","url":"http:\/\/viwa.com.pl\/","name":"Viwa G\u0142ubczyce","description":"Hurtownia chemii","publisher":{"@id":"http:\/\/viwa.com.pl\/#organization"},"potentialAction":[{"@type":"SearchAction","target":{"@type":"EntryPoint","urlTemplate":"http:\/\/viwa.com.pl\/?s={search_term_string}"},"query-input":{"@type":"PropertyValueSpecification","valueRequired":true,"valueName":"search_term_string"}}],"inLanguage":"pl-PL"},{"@type":"Organization","@id":"http:\/\/viwa.com.pl\/#organization","name":"Viwa G\u0142ubczyce","url":"http:\/\/viwa.com.pl\/","logo":{"@type":"ImageObject","inLanguage":"pl-PL","@id":"http:\/\/viwa.com.pl\/#\/schema\/logo\/image\/","url":"https:\/\/viwa.com.pl\/wp-content\/uploads\/2025\/01\/Logo-Viwa.png","contentUrl":"https:\/\/viwa.com.pl\/wp-content\/uploads\/2025\/01\/Logo-Viwa.png","width":512,"height":512,"caption":"Viwa G\u0142ubczyce"},"image":{"@id":"http:\/\/viwa.com.pl\/#\/schema\/logo\/image\/"}}]}},"_links":{"self":[{"href":"https:\/\/viwa.com.pl\/index.php?rest_route=\/wp\/v2\/pages\/198","targetHints":{"allow":["GET"]}}],"collection":[{"href":"https:\/\/viwa.com.pl\/index.php?rest_route=\/wp\/v2\/pages"}],"about":[{"href":"https:\/\/viwa.com.pl\/index.php?rest_route=\/wp\/v2\/types\/page"}],"author":[{"embeddable":true,"href":"https:\/\/viwa.com.pl\/index.php?rest_route=\/wp\/v2\/users\/1"}],"replies":[{"embeddable":true,"href":"https:\/\/viwa.com.pl\/index.php?rest_route=%2Fwp%2Fv2%2Fcomments&post=198"}],"version-history":[{"count":4,"href":"https:\/\/viwa.com.pl\/index.php?rest_route=\/wp\/v2\/pages\/198\/revisions"}],"predecessor-version":[{"id":206,"href":"https:\/\/viwa.com.pl\/index.php?rest_route=\/wp\/v2\/pages\/198\/revisions\/206"}],"wp:attachment":[{"href":"https:\/\/viwa.com.pl\/index.php?rest_route=%2Fwp%2Fv2%2Fmedia&parent=198"}],"curies":[{"name":"wp","href":"https:\/\/api.w.org\/{rel}","templated":true}]}}