{"id":224,"date":"2025-02-27T18:30:50","date_gmt":"2025-02-27T17:30:50","guid":{"rendered":"https:\/\/viwa.com.pl\/?page_id=224"},"modified":"2025-02-27T18:33:02","modified_gmt":"2025-02-27T17:33:02","slug":"regulamin","status":"publish","type":"page","link":"https:\/\/viwa.com.pl\/?page_id=224","title":{"rendered":"Regulamin"},"content":{"rendered":"\t\t<div data-elementor-type=\"wp-page\" data-elementor-id=\"224\" class=\"elementor elementor-224\">\n\t\t\t\t<div class=\"elementor-element elementor-element-6fd28d55 e-flex e-con-boxed e-con e-parent\" data-id=\"6fd28d55\" data-element_type=\"container\">\n\t\t\t\t\t<div class=\"e-con-inner\">\n\t\t\t\t<div class=\"elementor-element elementor-element-236f332b elementor-widget elementor-widget-text-editor\" data-id=\"236f332b\" data-element_type=\"widget\" data-widget_type=\"text-editor.default\">\n\t\t\t\t<div class=\"elementor-widget-container\">\n\t\t\t\t\t\t\t\t\t<p><\/p>\n<h2 class=\"wp-block-heading\">Regulamin strony internetowej<\/h2>\n<h3>1. Postanowienia og\u00f3lne<\/h3>\n<p>1.1. Niniejszy regulamin okre\u015bla zasady korzystania ze strony internetowej [Nazwa Strony] (dalej: &#8222;Serwis&#8221;).<br \/>1.2. Korzystaj\u0105c z Serwisu, U\u017cytkownik akceptuje niniejszy regulamin oraz zobowi\u0105zuje si\u0119 do jego przestrzegania.<br \/>1.3. W\u0142a\u015bcicielem Serwisu jest [Nazwa Firmy\/Osoby], z siedzib\u0105 w [Adres], NIP: [Numer], REGON: [Numer] (dalej: &#8222;Administrator&#8221;).<\/p>\n<h3>2. Zasady korzystania z Serwisu<\/h3>\n<p>2.1. Serwis udost\u0119pniany jest U\u017cytkownikom bezp\u0142atnie, chyba \u017ce okre\u015blono inaczej.<br \/>2.2. U\u017cytkownik zobowi\u0105zuje si\u0119 do korzystania z Serwisu w spos\u00f3b zgodny z prawem, zasadami wsp\u00f3\u0142\u017cycia spo\u0142ecznego oraz dobrymi obyczajami.<br \/>2.3. Zakazane jest dostarczanie przez U\u017cytkownika tre\u015bci o charakterze bezprawnym, obra\u017aliwym lub naruszaj\u0105cym prawa os\u00f3b trzecich.<br \/>2.4. Administrator zastrzega sobie prawo do blokowania dost\u0119pu do Serwisu U\u017cytkownikom naruszaj\u0105cym regulamin.<\/p>\n<h3>3. Prawa autorskie<\/h3>\n<p>3.1. Wszelkie materia\u0142y zamieszczone w Serwisie s\u0105 chronione prawem autorskim i stanowi\u0105 w\u0142asno\u015b\u0107 Administratora lub podmiot\u00f3w trzecich.<br \/>3.2. Kopiowanie, rozpowszechnianie lub wykorzystywanie tre\u015bci Serwisu bez zgody Administratora jest zabronione.<\/p>\n<h3>4. Odpowiedzialno\u015b\u0107<\/h3>\n<p>4.1. Administrator nie ponosi odpowiedzialno\u015bci za czasowe przerwy w dzia\u0142aniu Serwisu spowodowane czynnikami technicznymi lub niezale\u017cne od niego.<br \/>4.2. Administrator nie odpowiada za tre\u015bci publikowane przez U\u017cytkownik\u00f3w w Serwisie.<br \/>4.3. Administrator mo\u017ce wprowadza\u0107 zmiany w funkcjonalno\u015bci Serwisu bez uprzedniego informowania U\u017cytkownik\u00f3w.<\/p>\n<h3>5. Polityka prywatno\u015bci<\/h3>\n<p>5.1. Serwis przetwarza dane osobowe U\u017cytkownik\u00f3w zgodnie z obowi\u0105zuj\u0105cymi przepisami prawa oraz Polityk\u0105 Prywatno\u015bci dost\u0119pn\u0105 na stronie.<\/p>\n<h3>6. Zmiany w regulaminie<\/h3>\n<p>6.1. Administrator zastrzega sobie prawo do dokonywania zmian w regulaminie.<br \/>6.2. O zmianach regulaminu U\u017cytkownicy b\u0119d\u0105 informowani poprzez Serwis.<\/p>\n<h3>7. Postanowienia ko\u0144cowe<\/h3>\n<p>7.1. W sprawach nieuregulowanych niniejszym regulaminem maj\u0105 zastosowanie odpowiednie przepisy prawa polskiego.<br \/>7.2. Wszelkie spory zwi\u0105zane z korzystaniem z Serwisu b\u0119d\u0105 rozstrzygane przez s\u0105d w\u0142a\u015bciwy dla siedziby Administratora.<\/p>\n<p><\/p>\t\t\t\t\t\t\t\t<\/div>\n\t\t\t\t<\/div>\n\t\t\t\t\t<\/div>\n\t\t\t\t<\/div>\t\t<\/div>\n\t\t","protected":false},"excerpt":{"rendered":"<p>Regulamin strony internetowej 1. Postanowienia og\u00f3lne 1.1. Niniejszy regulamin okre\u015bla zasady korzystania ze strony internetowej [Nazwa Strony] (dalej: &#8222;Serwis&#8221;).1.2. Korzystaj\u0105c z Serwisu, U\u017cytkownik akceptuje niniejszy regulamin oraz zobowi\u0105zuje si\u0119 do jego przestrzegania.1.3. W\u0142a\u015bcicielem Serwisu jest [Nazwa Firmy\/Osoby], z siedzib\u0105 w [Adres], NIP: [Numer], REGON: [Numer] (dalej: &#8222;Administrator&#8221;). 2. Zasady korzystania z Serwisu 2.1. Serwis udost\u0119pniany [&hellip;]<\/p>\n","protected":false},"author":1,"featured_media":0,"parent":0,"menu_order":0,"comment_status":"closed","ping_status":"closed","template":"","meta":{"footnotes":""},"class_list":["post-224","page","type-page","status-publish","hentry"],"yoast_head":"<!-- This site is optimized with the Yoast SEO plugin v27.4 - https:\/\/yoast.com\/product\/yoast-seo-wordpress\/ -->\n<title>Regulamin - Viwa G\u0142ubczyce<\/title>\n<meta name=\"robots\" content=\"index, follow, max-snippet:-1, max-image-preview:large, max-video-preview:-1\" \/>\n<link rel=\"canonical\" href=\"https:\/\/viwa.com.pl\/?page_id=224\" \/>\n<meta property=\"og:locale\" content=\"pl_PL\" \/>\n<meta property=\"og:type\" content=\"article\" \/>\n<meta property=\"og:title\" content=\"Regulamin - Viwa G\u0142ubczyce\" \/>\n<meta property=\"og:description\" content=\"Regulamin strony internetowej 1. Postanowienia og\u00f3lne 1.1. Niniejszy regulamin okre\u015bla zasady korzystania ze strony internetowej [Nazwa Strony] (dalej: &#8222;Serwis&#8221;).1.2. Korzystaj\u0105c z Serwisu, U\u017cytkownik akceptuje niniejszy regulamin oraz zobowi\u0105zuje si\u0119 do jego przestrzegania.1.3. W\u0142a\u015bcicielem Serwisu jest [Nazwa Firmy\/Osoby], z siedzib\u0105 w [Adres], NIP: [Numer], REGON: [Numer] (dalej: &#8222;Administrator&#8221;). 2. Zasady korzystania z Serwisu 2.1. Serwis udost\u0119pniany [&hellip;]\" \/>\n<meta property=\"og:url\" content=\"https:\/\/viwa.com.pl\/?page_id=224\" \/>\n<meta property=\"og:site_name\" content=\"Viwa G\u0142ubczyce\" \/>\n<meta property=\"article:modified_time\" content=\"2025-02-27T17:33:02+00:00\" \/>\n<meta name=\"twitter:card\" content=\"summary_large_image\" \/>\n<meta name=\"twitter:label1\" content=\"Szacowany czas czytania\" \/>\n\t<meta name=\"twitter:data1\" content=\"2 minuty\" \/>\n<script type=\"application\/ld+json\" class=\"yoast-schema-graph\">{\"@context\":\"https:\\\/\\\/schema.org\",\"@graph\":[{\"@type\":\"WebPage\",\"@id\":\"https:\\\/\\\/viwa.com.pl\\\/?page_id=224\",\"url\":\"https:\\\/\\\/viwa.com.pl\\\/?page_id=224\",\"name\":\"Regulamin - Viwa G\u0142ubczyce\",\"isPartOf\":{\"@id\":\"http:\\\/\\\/viwa.com.pl\\\/#website\"},\"datePublished\":\"2025-02-27T17:30:50+00:00\",\"dateModified\":\"2025-02-27T17:33:02+00:00\",\"breadcrumb\":{\"@id\":\"https:\\\/\\\/viwa.com.pl\\\/?page_id=224#breadcrumb\"},\"inLanguage\":\"pl-PL\",\"potentialAction\":[{\"@type\":\"ReadAction\",\"target\":[\"https:\\\/\\\/viwa.com.pl\\\/?page_id=224\"]}]},{\"@type\":\"BreadcrumbList\",\"@id\":\"https:\\\/\\\/viwa.com.pl\\\/?page_id=224#breadcrumb\",\"itemListElement\":[{\"@type\":\"ListItem\",\"position\":1,\"name\":\"Home\",\"item\":\"http:\\\/\\\/viwa.com.pl\\\/\"},{\"@type\":\"ListItem\",\"position\":2,\"name\":\"Regulamin\"}]},{\"@type\":\"WebSite\",\"@id\":\"http:\\\/\\\/viwa.com.pl\\\/#website\",\"url\":\"http:\\\/\\\/viwa.com.pl\\\/\",\"name\":\"Viwa G\u0142ubczyce\",\"description\":\"Hurtownia chemii\",\"publisher\":{\"@id\":\"http:\\\/\\\/viwa.com.pl\\\/#organization\"},\"potentialAction\":[{\"@type\":\"SearchAction\",\"target\":{\"@type\":\"EntryPoint\",\"urlTemplate\":\"http:\\\/\\\/viwa.com.pl\\\/?s={search_term_string}\"},\"query-input\":{\"@type\":\"PropertyValueSpecification\",\"valueRequired\":true,\"valueName\":\"search_term_string\"}}],\"inLanguage\":\"pl-PL\"},{\"@type\":\"Organization\",\"@id\":\"http:\\\/\\\/viwa.com.pl\\\/#organization\",\"name\":\"Viwa G\u0142ubczyce\",\"url\":\"http:\\\/\\\/viwa.com.pl\\\/\",\"logo\":{\"@type\":\"ImageObject\",\"inLanguage\":\"pl-PL\",\"@id\":\"http:\\\/\\\/viwa.com.pl\\\/#\\\/schema\\\/logo\\\/image\\\/\",\"url\":\"https:\\\/\\\/viwa.com.pl\\\/wp-content\\\/uploads\\\/2025\\\/01\\\/Logo-Viwa.png\",\"contentUrl\":\"https:\\\/\\\/viwa.com.pl\\\/wp-content\\\/uploads\\\/2025\\\/01\\\/Logo-Viwa.png\",\"width\":512,\"height\":512,\"caption\":\"Viwa G\u0142ubczyce\"},\"image\":{\"@id\":\"http:\\\/\\\/viwa.com.pl\\\/#\\\/schema\\\/logo\\\/image\\\/\"}}]}<\/script>\n<!-- \/ Yoast SEO plugin. -->","yoast_head_json":{"title":"Regulamin - Viwa G\u0142ubczyce","robots":{"index":"index","follow":"follow","max-snippet":"max-snippet:-1","max-image-preview":"max-image-preview:large","max-video-preview":"max-video-preview:-1"},"canonical":"https:\/\/viwa.com.pl\/?page_id=224","og_locale":"pl_PL","og_type":"article","og_title":"Regulamin - Viwa G\u0142ubczyce","og_description":"Regulamin strony internetowej 1. Postanowienia og\u00f3lne 1.1. Niniejszy regulamin okre\u015bla zasady korzystania ze strony internetowej [Nazwa Strony] (dalej: &#8222;Serwis&#8221;).1.2. Korzystaj\u0105c z Serwisu, U\u017cytkownik akceptuje niniejszy regulamin oraz zobowi\u0105zuje si\u0119 do jego przestrzegania.1.3. W\u0142a\u015bcicielem Serwisu jest [Nazwa Firmy\/Osoby], z siedzib\u0105 w [Adres], NIP: [Numer], REGON: [Numer] (dalej: &#8222;Administrator&#8221;). 2. Zasady korzystania z Serwisu 2.1. Serwis udost\u0119pniany [&hellip;]","og_url":"https:\/\/viwa.com.pl\/?page_id=224","og_site_name":"Viwa G\u0142ubczyce","article_modified_time":"2025-02-27T17:33:02+00:00","twitter_card":"summary_large_image","twitter_misc":{"Szacowany czas czytania":"2 minuty"},"schema":{"@context":"https:\/\/schema.org","@graph":[{"@type":"WebPage","@id":"https:\/\/viwa.com.pl\/?page_id=224","url":"https:\/\/viwa.com.pl\/?page_id=224","name":"Regulamin - Viwa G\u0142ubczyce","isPartOf":{"@id":"http:\/\/viwa.com.pl\/#website"},"datePublished":"2025-02-27T17:30:50+00:00","dateModified":"2025-02-27T17:33:02+00:00","breadcrumb":{"@id":"https:\/\/viwa.com.pl\/?page_id=224#breadcrumb"},"inLanguage":"pl-PL","potentialAction":[{"@type":"ReadAction","target":["https:\/\/viwa.com.pl\/?page_id=224"]}]},{"@type":"BreadcrumbList","@id":"https:\/\/viwa.com.pl\/?page_id=224#breadcrumb","itemListElement":[{"@type":"ListItem","position":1,"name":"Home","item":"http:\/\/viwa.com.pl\/"},{"@type":"ListItem","position":2,"name":"Regulamin"}]},{"@type":"WebSite","@id":"http:\/\/viwa.com.pl\/#website","url":"http:\/\/viwa.com.pl\/","name":"Viwa G\u0142ubczyce","description":"Hurtownia chemii","publisher":{"@id":"http:\/\/viwa.com.pl\/#organization"},"potentialAction":[{"@type":"SearchAction","target":{"@type":"EntryPoint","urlTemplate":"http:\/\/viwa.com.pl\/?s={search_term_string}"},"query-input":{"@type":"PropertyValueSpecification","valueRequired":true,"valueName":"search_term_string"}}],"inLanguage":"pl-PL"},{"@type":"Organization","@id":"http:\/\/viwa.com.pl\/#organization","name":"Viwa G\u0142ubczyce","url":"http:\/\/viwa.com.pl\/","logo":{"@type":"ImageObject","inLanguage":"pl-PL","@id":"http:\/\/viwa.com.pl\/#\/schema\/logo\/image\/","url":"https:\/\/viwa.com.pl\/wp-content\/uploads\/2025\/01\/Logo-Viwa.png","contentUrl":"https:\/\/viwa.com.pl\/wp-content\/uploads\/2025\/01\/Logo-Viwa.png","width":512,"height":512,"caption":"Viwa G\u0142ubczyce"},"image":{"@id":"http:\/\/viwa.com.pl\/#\/schema\/logo\/image\/"}}]}},"_links":{"self":[{"href":"https:\/\/viwa.com.pl\/index.php?rest_route=\/wp\/v2\/pages\/224","targetHints":{"allow":["GET"]}}],"collection":[{"href":"https:\/\/viwa.com.pl\/index.php?rest_route=\/wp\/v2\/pages"}],"about":[{"href":"https:\/\/viwa.com.pl\/index.php?rest_route=\/wp\/v2\/types\/page"}],"author":[{"embeddable":true,"href":"https:\/\/viwa.com.pl\/index.php?rest_route=\/wp\/v2\/users\/1"}],"replies":[{"embeddable":true,"href":"https:\/\/viwa.com.pl\/index.php?rest_route=%2Fwp%2Fv2%2Fcomments&post=224"}],"version-history":[{"count":4,"href":"https:\/\/viwa.com.pl\/index.php?rest_route=\/wp\/v2\/pages\/224\/revisions"}],"predecessor-version":[{"id":228,"href":"https:\/\/viwa.com.pl\/index.php?rest_route=\/wp\/v2\/pages\/224\/revisions\/228"}],"wp:attachment":[{"href":"https:\/\/viwa.com.pl\/index.php?rest_route=%2Fwp%2Fv2%2Fmedia&parent=224"}],"curies":[{"name":"wp","href":"https:\/\/api.w.org\/{rel}","templated":true}]}}