{"id":344,"date":"2025-04-13T13:59:53","date_gmt":"2025-04-13T11:59:53","guid":{"rendered":"https:\/\/viwa.com.pl\/?page_id=344"},"modified":"2025-04-13T14:17:57","modified_gmt":"2025-04-13T12:17:57","slug":"plyn-do-szyb-okien-i-ram-3","status":"publish","type":"page","link":"https:\/\/viwa.com.pl\/?page_id=344","title":{"rendered":"P\u0142yn do szyb, okien i ram"},"content":{"rendered":"\t\t<div data-elementor-type=\"wp-page\" data-elementor-id=\"344\" class=\"elementor elementor-344\">\n\t\t\t\t<div class=\"elementor-element elementor-element-a11cdf5 e-flex e-con-boxed e-con e-parent\" data-id=\"a11cdf5\" data-element_type=\"container\">\n\t\t\t\t\t<div class=\"e-con-inner\">\n\t\t<div class=\"elementor-element elementor-element-1bc7948 e-con-full e-flex e-con e-child\" data-id=\"1bc7948\" data-element_type=\"container\">\n\t\t\t\t<div class=\"elementor-element elementor-element-15808d0 elementor-widget elementor-widget-image\" data-id=\"15808d0\" data-element_type=\"widget\" data-widget_type=\"image.default\">\n\t\t\t\t<div class=\"elementor-widget-container\">\n\t\t\t\t\t\t\t\t\t\t\t\t\t\t\t<img decoding=\"async\" width=\"150\" height=\"150\" src=\"https:\/\/viwa.com.pl\/wp-content\/uploads\/2025\/01\/Logo-Viwa-150x150.png\" class=\"attachment-thumbnail size-thumbnail wp-image-9\" alt=\"Logo Viwa\" srcset=\"https:\/\/viwa.com.pl\/wp-content\/uploads\/2025\/01\/Logo-Viwa-150x150.png 150w, https:\/\/viwa.com.pl\/wp-content\/uploads\/2025\/01\/Logo-Viwa-300x300.png 300w, https:\/\/viwa.com.pl\/wp-content\/uploads\/2025\/01\/Logo-Viwa-100x100.png 100w, https:\/\/viwa.com.pl\/wp-content\/uploads\/2025\/01\/Logo-Viwa.png 512w\" sizes=\"(max-width: 150px) 100vw, 150px\" \/>\t\t\t\t\t\t\t\t\t\t\t\t\t\t\t<\/div>\n\t\t\t\t<\/div>\n\t\t\t\t<div class=\"elementor-element elementor-element-3904ca04 elementor-widget elementor-widget-heading\" data-id=\"3904ca04\" data-element_type=\"widget\" data-widget_type=\"heading.default\">\n\t\t\t\t<div class=\"elementor-widget-container\">\n\t\t\t\t\t<h1 class=\"elementor-heading-title elementor-size-default\">P\u0142yn do szyb, \nokien i ram<\/h1>\t\t\t\t<\/div>\n\t\t\t\t<\/div>\n\t\t\t\t<div class=\"elementor-element elementor-element-30cd8ac7 elementor-widget__width-initial elementor-widget elementor-widget-text-editor\" data-id=\"30cd8ac7\" data-element_type=\"widget\" data-widget_type=\"text-editor.default\">\n\t\t\t\t<div class=\"elementor-widget-container\">\n\t\t\t\t\t\t\t\t\t<p>Czy jeste\u015b zm\u0119czony faktem , \u017ce mimo po\u015bwi\u0119cenia ogromnej ilo\u015bci czasu na mycie i polerowanie swoich okien, one nigdy nie wygl\u0105daj\u0105 idealnie? Czy chcesz, aby Twoje szyby l\u015bni\u0142y jak nowe, bez wysi\u0142ku i bez smug?<\/p><p>Mamy na to rozwi\u0105zanie!<\/p><h4>PROFESJONALNY P\u0141YN VIWA DO SZYB, OKIEN I RAM.<\/h4>\t\t\t\t\t\t\t\t<\/div>\n\t\t\t\t<\/div>\n\t\t\t\t<\/div>\n\t\t<div class=\"elementor-element elementor-element-73e1259 e-con-full e-flex e-con e-child\" data-id=\"73e1259\" data-element_type=\"container\">\n\t\t\t\t<div class=\"elementor-element elementor-element-bc9cbb3 elementor-widget elementor-widget-image\" data-id=\"bc9cbb3\" data-element_type=\"widget\" data-widget_type=\"image.default\">\n\t\t\t\t<div class=\"elementor-widget-container\">\n\t\t\t\t\t\t\t\t\t\t\t\t\t\t\t\t<a href=\"http:\/\/viwa.com.pl\/wp-content\/uploads\/2025\/04\/plyn-do-szyb-okien-i-ram.png\" data-elementor-open-lightbox=\"yes\" data-elementor-lightbox-title=\"p\u0142yn do szyb, okien i ram\" data-e-action-hash=\"#elementor-action%3Aaction%3Dlightbox%26settings%3DeyJpZCI6MzA1LCJ1cmwiOiJodHRwczpcL1wvdml3YS5jb20ucGxcL3dwLWNvbnRlbnRcL3VwbG9hZHNcLzIwMjVcLzA0XC9wbHluLWRvLXN6eWItb2tpZW4taS1yYW0ucG5nIn0%3D\">\n\t\t\t\t\t\t\t<img fetchpriority=\"high\" decoding=\"async\" width=\"731\" height=\"1024\" src=\"https:\/\/viwa.com.pl\/wp-content\/uploads\/2025\/04\/plyn-do-szyb-okien-i-ram-731x1024.png\" class=\"attachment-large size-large wp-image-305\" alt=\"\" srcset=\"https:\/\/viwa.com.pl\/wp-content\/uploads\/2025\/04\/plyn-do-szyb-okien-i-ram-731x1024.png 731w, https:\/\/viwa.com.pl\/wp-content\/uploads\/2025\/04\/plyn-do-szyb-okien-i-ram-600x840.png 600w, https:\/\/viwa.com.pl\/wp-content\/uploads\/2025\/04\/plyn-do-szyb-okien-i-ram-214x300.png 214w, https:\/\/viwa.com.pl\/wp-content\/uploads\/2025\/04\/plyn-do-szyb-okien-i-ram-768x1075.png 768w, https:\/\/viwa.com.pl\/wp-content\/uploads\/2025\/04\/plyn-do-szyb-okien-i-ram-1097x1536.png 1097w, https:\/\/viwa.com.pl\/wp-content\/uploads\/2025\/04\/plyn-do-szyb-okien-i-ram.png 1250w\" sizes=\"(max-width: 731px) 100vw, 731px\" \/>\t\t\t\t\t\t\t\t<\/a>\n\t\t\t\t\t\t\t\t\t\t\t\t\t\t\t<\/div>\n\t\t\t\t<\/div>\n\t\t\t\t<\/div>\n\t\t\t\t\t<\/div>\n\t\t\t\t<\/div>\n\t\t<div class=\"elementor-element elementor-element-a775743 e-flex e-con-boxed e-con e-parent\" data-id=\"a775743\" data-element_type=\"container\">\n\t\t\t\t\t<div class=\"e-con-inner\">\n\t\t\t\t<div class=\"elementor-element elementor-element-e598e52 elementor-widget__width-initial elementor-widget elementor-widget-text-editor\" data-id=\"e598e52\" data-element_type=\"widget\" data-widget_type=\"text-editor.default\">\n\t\t\t\t<div class=\"elementor-widget-container\">\n\t\t\t\t\t\t\t\t\t<h4>Niezwyk\u0142y produkt<\/h4><p>VIWA P\u0141YN DO MYCIA OKIEN I RAM to niezwyk\u0142y produkt, kt\u00f3ry zosta\u0142 opracowany w laboratorium przez zesp\u00f3\u0142 naukowc\u00f3w. \u0141\u0105czy on w sobie najnowsze technologie i sk\u0142adniki , aby zapewni\u0107 Ci krystalicznie czyste okna w mgnieniu oka. Dzi\u0119ki unikalnej formule, nasz p\u0142yn z \u0142atwo\u015bci\u0105 usuwa brud, kurz i wszelkie zanieczyszczenia, pozostawiaj\u0105c szyby l\u015bni\u0105ce i bez \u017cadnych smug.<br \/>To nie jest zwyk\u0142y p\u0142yn do mycia szyb &#8211; to prawdziwa rewolucja w czyszczeniu okien!<\/p>\t\t\t\t\t\t\t\t<\/div>\n\t\t\t\t<\/div>\n\t\t\t\t<div class=\"elementor-element elementor-element-0c83dd5 elementor-widget__width-initial elementor-widget elementor-widget-text-editor\" data-id=\"0c83dd5\" data-element_type=\"widget\" data-widget_type=\"text-editor.default\">\n\t\t\t\t<div class=\"elementor-widget-container\">\n\t\t\t\t\t\t\t\t\t<h4>P\u0142yn Viwa do szyb, okien i ram to:<\/h4><ul><li>\u0141atwe i szybkie mycie bez polerowania.<\/li><li>Brak smug i zaciek\u00f3w.<\/li><li>D\u0142ugotrwa\u0142y efekt.<\/li><li>Do wszystkich. b\u0142yszcz\u0105cych powierzchni.<\/li><li>Bardzo wydajny.<\/li><li>Zapach, kt\u00f3ry sprawi, \u017ce mycie staje si\u0119 przyjemne.<\/li><\/ul>\t\t\t\t\t\t\t\t<\/div>\n\t\t\t\t<\/div>\n\t\t\t\t<div class=\"elementor-element elementor-element-e3639fd elementor-widget__width-initial elementor-widget elementor-widget-text-editor\" data-id=\"e3639fd\" data-element_type=\"widget\" data-widget_type=\"text-editor.default\">\n\t\t\t\t<div class=\"elementor-widget-container\">\n\t\t\t\t\t\t\t\t\t<h4>Cenna wskaz\u00f3wka<\/h4><p>Nasz p\u0142yn nadaje si\u0119 do wielu powierzchni z po\u0142yskiem, mo\u017cesz z powodzeniem stosowa\u0107 go do polerowanego kamienia, glazury, mebli lakierowanych, lod\u00f3wek itp.<\/p>\t\t\t\t\t\t\t\t<\/div>\n\t\t\t\t<\/div>\n\t\t\t\t<div class=\"elementor-element elementor-element-6f7cf17 elementor-widget__width-initial elementor-widget elementor-widget-text-editor\" data-id=\"6f7cf17\" data-element_type=\"widget\" data-widget_type=\"text-editor.default\">\n\t\t\t\t<div class=\"elementor-widget-container\">\n\t\t\t\t\t\t\t\t\t<h4>Spos\u00f3b u\u017cycia<\/h4><p>VIWA p\u0142yn do mycia szyb okien i ram jest bardzo \u0142atwy w u\u017cyciu. Wystarczy wla\u0107 do wody (50 ml na 5 l) , przetrze\u0107 okna i ramy mi\u0119kk\u0105 szmatk\u0105 i gotowe! Nie musisz si\u0119 martwi\u0107 o smugi lub plamy &#8211; nasz p\u0142yn zrobi wszystko za Ciebie!<\/p>\t\t\t\t\t\t\t\t<\/div>\n\t\t\t\t<\/div>\n\t\t\t\t<div class=\"elementor-element elementor-element-a3cb99e elementor-widget__width-initial elementor-widget elementor-widget-text-editor\" data-id=\"a3cb99e\" data-element_type=\"widget\" data-widget_type=\"text-editor.default\">\n\t\t\t\t<div class=\"elementor-widget-container\">\n\t\t\t\t\t\t\t\t\t<h4>Opinie<\/h4><ul><li><em>&#8222;Mycie szyb to teraz chwila \u2013 zero smug, rewelacja!&#8221;<\/em><\/li><li><em>&#8222;Prowadz\u0119 firm\u0119 sprz\u0105taj\u0105c\u0105 \u2013 VIWA to m\u00f3j numer 1!&#8221;<\/em><\/li><li><em>&#8222;W ko\u0144cu p\u0142yn, kt\u00f3ry dzia\u0142a od razu i pi\u0119knie pachnie!&#8221;<br \/><\/em><\/li><\/ul>\t\t\t\t\t\t\t\t<\/div>\n\t\t\t\t<\/div>\n\t\t\t\t<div class=\"elementor-element elementor-element-33026b8 elementor-widget__width-initial elementor-widget elementor-widget-text-editor\" data-id=\"33026b8\" data-element_type=\"widget\" data-widget_type=\"text-editor.default\">\n\t\t\t\t<div class=\"elementor-widget-container\">\n\t\t\t\t\t\t\t\t\t<h4>Od teraz mycie szklanych powierzchni to CZYSTA przyjemno\u015b\u0107.<\/h4><h4>VIWA \u2013 Profesjonalna si\u0142a do Twojego domu.<\/h4>\t\t\t\t\t\t\t\t<\/div>\n\t\t\t\t<\/div>\n\t\t\t\t<div class=\"elementor-element elementor-element-8ef1922 elementor-widget elementor-widget-text-editor\" data-id=\"8ef1922\" data-element_type=\"widget\" data-widget_type=\"text-editor.default\">\n\t\t\t\t<div class=\"elementor-widget-container\">\n\t\t\t\t\t\t\t\t\t<h4>Materia\u0142y do pobrania:<\/h4><ul><li><span style=\"text-decoration: underline;\"><a href=\"http:\/\/viwa.com.pl\/wp-content\/uploads\/2025\/02\/Plyn-do-szyb-okien-i-ram.pdf\">Arkusz danych sk\u0142adnik\u00f3w<\/a><\/span><\/li><li><a href=\"http:\/\/viwa.com.pl\/wp-content\/uploads\/2025\/02\/OKNA-RAMY.pdf\"><u>Karta charakterystyki<\/u><\/a><\/li><\/ul>\t\t\t\t\t\t\t\t<\/div>\n\t\t\t\t<\/div>\n\t\t\t\t\t<\/div>\n\t\t\t\t<\/div>\n\t\t<div class=\"elementor-element elementor-element-06020b3 e-con-full e-flex e-con e-parent\" data-id=\"06020b3\" data-element_type=\"container\">\n\t\t\t\t<div class=\"elementor-element elementor-element-ef78b05 elementor-widget-divider--view-line elementor-widget elementor-widget-divider\" data-id=\"ef78b05\" data-element_type=\"widget\" data-widget_type=\"divider.default\">\n\t\t\t\t<div class=\"elementor-widget-container\">\n\t\t\t\t\t\t\t<div class=\"elementor-divider\">\n\t\t\t<span class=\"elementor-divider-separator\">\n\t\t\t\t\t\t<\/span>\n\t\t<\/div>\n\t\t\t\t\t\t<\/div>\n\t\t\t\t<\/div>\n\t\t\t\t<\/div>\n\t\t\t\t<\/div>\n\t\t","protected":false},"excerpt":{"rendered":"<p>P\u0142yn do szyb, okien i ram Czy jeste\u015b zm\u0119czony faktem , \u017ce mimo po\u015bwi\u0119cenia ogromnej ilo\u015bci czasu na mycie i polerowanie swoich okien, one nigdy nie wygl\u0105daj\u0105 idealnie? Czy chcesz, aby Twoje szyby l\u015bni\u0142y jak nowe, bez wysi\u0142ku i bez smug? Mamy na to rozwi\u0105zanie! PROFESJONALNY P\u0141YN VIWA DO SZYB, OKIEN I RAM. Niezwyk\u0142y produkt [&hellip;]<\/p>\n","protected":false},"author":1,"featured_media":0,"parent":0,"menu_order":0,"comment_status":"closed","ping_status":"closed","template":"","meta":{"footnotes":""},"class_list":["post-344","page","type-page","status-publish","hentry"],"yoast_head":"<!-- This site is optimized with the Yoast SEO plugin v27.4 - https:\/\/yoast.com\/product\/yoast-seo-wordpress\/ -->\n<title>P\u0142yn do szyb, okien i ram - Viwa G\u0142ubczyce<\/title>\n<meta name=\"robots\" content=\"index, follow, max-snippet:-1, max-image-preview:large, max-video-preview:-1\" \/>\n<link rel=\"canonical\" href=\"https:\/\/viwa.com.pl\/?page_id=344\" \/>\n<meta property=\"og:locale\" content=\"pl_PL\" \/>\n<meta property=\"og:type\" content=\"article\" \/>\n<meta property=\"og:title\" content=\"P\u0142yn do szyb, okien i ram - Viwa G\u0142ubczyce\" \/>\n<meta property=\"og:description\" content=\"P\u0142yn do szyb, okien i ram Czy jeste\u015b zm\u0119czony faktem , \u017ce mimo po\u015bwi\u0119cenia ogromnej ilo\u015bci czasu na mycie i polerowanie swoich okien, one nigdy nie wygl\u0105daj\u0105 idealnie? Czy chcesz, aby Twoje szyby l\u015bni\u0142y jak nowe, bez wysi\u0142ku i bez smug? Mamy na to rozwi\u0105zanie! PROFESJONALNY P\u0141YN VIWA DO SZYB, OKIEN I RAM. Niezwyk\u0142y produkt [&hellip;]\" \/>\n<meta property=\"og:url\" content=\"https:\/\/viwa.com.pl\/?page_id=344\" \/>\n<meta property=\"og:site_name\" content=\"Viwa G\u0142ubczyce\" \/>\n<meta property=\"article:modified_time\" content=\"2025-04-13T12:17:57+00:00\" \/>\n<meta property=\"og:image\" content=\"http:\/\/viwa.com.pl\/wp-content\/uploads\/2025\/01\/Logo-Viwa-150x150.png\" \/>\n<meta name=\"twitter:card\" content=\"summary_large_image\" \/>\n<meta name=\"twitter:label1\" content=\"Szacowany czas czytania\" \/>\n\t<meta name=\"twitter:data1\" content=\"3 minuty\" \/>\n<script type=\"application\/ld+json\" class=\"yoast-schema-graph\">{\"@context\":\"https:\\\/\\\/schema.org\",\"@graph\":[{\"@type\":\"WebPage\",\"@id\":\"https:\\\/\\\/viwa.com.pl\\\/?page_id=344\",\"url\":\"https:\\\/\\\/viwa.com.pl\\\/?page_id=344\",\"name\":\"P\u0142yn do szyb, okien i ram - Viwa G\u0142ubczyce\",\"isPartOf\":{\"@id\":\"http:\\\/\\\/viwa.com.pl\\\/#website\"},\"primaryImageOfPage\":{\"@id\":\"https:\\\/\\\/viwa.com.pl\\\/?page_id=344#primaryimage\"},\"image\":{\"@id\":\"https:\\\/\\\/viwa.com.pl\\\/?page_id=344#primaryimage\"},\"thumbnailUrl\":\"http:\\\/\\\/viwa.com.pl\\\/wp-content\\\/uploads\\\/2025\\\/01\\\/Logo-Viwa-150x150.png\",\"datePublished\":\"2025-04-13T11:59:53+00:00\",\"dateModified\":\"2025-04-13T12:17:57+00:00\",\"breadcrumb\":{\"@id\":\"https:\\\/\\\/viwa.com.pl\\\/?page_id=344#breadcrumb\"},\"inLanguage\":\"pl-PL\",\"potentialAction\":[{\"@type\":\"ReadAction\",\"target\":[\"https:\\\/\\\/viwa.com.pl\\\/?page_id=344\"]}]},{\"@type\":\"ImageObject\",\"inLanguage\":\"pl-PL\",\"@id\":\"https:\\\/\\\/viwa.com.pl\\\/?page_id=344#primaryimage\",\"url\":\"https:\\\/\\\/viwa.com.pl\\\/wp-content\\\/uploads\\\/2025\\\/01\\\/Logo-Viwa.png\",\"contentUrl\":\"https:\\\/\\\/viwa.com.pl\\\/wp-content\\\/uploads\\\/2025\\\/01\\\/Logo-Viwa.png\",\"width\":512,\"height\":512,\"caption\":\"Logo Viwa\"},{\"@type\":\"BreadcrumbList\",\"@id\":\"https:\\\/\\\/viwa.com.pl\\\/?page_id=344#breadcrumb\",\"itemListElement\":[{\"@type\":\"ListItem\",\"position\":1,\"name\":\"Home\",\"item\":\"http:\\\/\\\/viwa.com.pl\\\/\"},{\"@type\":\"ListItem\",\"position\":2,\"name\":\"P\u0142yn do szyb, okien i ram\"}]},{\"@type\":\"WebSite\",\"@id\":\"http:\\\/\\\/viwa.com.pl\\\/#website\",\"url\":\"http:\\\/\\\/viwa.com.pl\\\/\",\"name\":\"Viwa G\u0142ubczyce\",\"description\":\"Hurtownia chemii\",\"publisher\":{\"@id\":\"http:\\\/\\\/viwa.com.pl\\\/#organization\"},\"potentialAction\":[{\"@type\":\"SearchAction\",\"target\":{\"@type\":\"EntryPoint\",\"urlTemplate\":\"http:\\\/\\\/viwa.com.pl\\\/?s={search_term_string}\"},\"query-input\":{\"@type\":\"PropertyValueSpecification\",\"valueRequired\":true,\"valueName\":\"search_term_string\"}}],\"inLanguage\":\"pl-PL\"},{\"@type\":\"Organization\",\"@id\":\"http:\\\/\\\/viwa.com.pl\\\/#organization\",\"name\":\"Viwa G\u0142ubczyce\",\"url\":\"http:\\\/\\\/viwa.com.pl\\\/\",\"logo\":{\"@type\":\"ImageObject\",\"inLanguage\":\"pl-PL\",\"@id\":\"http:\\\/\\\/viwa.com.pl\\\/#\\\/schema\\\/logo\\\/image\\\/\",\"url\":\"https:\\\/\\\/viwa.com.pl\\\/wp-content\\\/uploads\\\/2025\\\/01\\\/Logo-Viwa.png\",\"contentUrl\":\"https:\\\/\\\/viwa.com.pl\\\/wp-content\\\/uploads\\\/2025\\\/01\\\/Logo-Viwa.png\",\"width\":512,\"height\":512,\"caption\":\"Viwa G\u0142ubczyce\"},\"image\":{\"@id\":\"http:\\\/\\\/viwa.com.pl\\\/#\\\/schema\\\/logo\\\/image\\\/\"}}]}<\/script>\n<!-- \/ Yoast SEO plugin. -->","yoast_head_json":{"title":"P\u0142yn do szyb, okien i ram - Viwa G\u0142ubczyce","robots":{"index":"index","follow":"follow","max-snippet":"max-snippet:-1","max-image-preview":"max-image-preview:large","max-video-preview":"max-video-preview:-1"},"canonical":"https:\/\/viwa.com.pl\/?page_id=344","og_locale":"pl_PL","og_type":"article","og_title":"P\u0142yn do szyb, okien i ram - Viwa G\u0142ubczyce","og_description":"P\u0142yn do szyb, okien i ram Czy jeste\u015b zm\u0119czony faktem , \u017ce mimo po\u015bwi\u0119cenia ogromnej ilo\u015bci czasu na mycie i polerowanie swoich okien, one nigdy nie wygl\u0105daj\u0105 idealnie? Czy chcesz, aby Twoje szyby l\u015bni\u0142y jak nowe, bez wysi\u0142ku i bez smug? Mamy na to rozwi\u0105zanie! PROFESJONALNY P\u0141YN VIWA DO SZYB, OKIEN I RAM. Niezwyk\u0142y produkt [&hellip;]","og_url":"https:\/\/viwa.com.pl\/?page_id=344","og_site_name":"Viwa G\u0142ubczyce","article_modified_time":"2025-04-13T12:17:57+00:00","og_image":[{"url":"http:\/\/viwa.com.pl\/wp-content\/uploads\/2025\/01\/Logo-Viwa-150x150.png","type":"","width":"","height":""}],"twitter_card":"summary_large_image","twitter_misc":{"Szacowany czas czytania":"3 minuty"},"schema":{"@context":"https:\/\/schema.org","@graph":[{"@type":"WebPage","@id":"https:\/\/viwa.com.pl\/?page_id=344","url":"https:\/\/viwa.com.pl\/?page_id=344","name":"P\u0142yn do szyb, okien i ram - Viwa G\u0142ubczyce","isPartOf":{"@id":"http:\/\/viwa.com.pl\/#website"},"primaryImageOfPage":{"@id":"https:\/\/viwa.com.pl\/?page_id=344#primaryimage"},"image":{"@id":"https:\/\/viwa.com.pl\/?page_id=344#primaryimage"},"thumbnailUrl":"http:\/\/viwa.com.pl\/wp-content\/uploads\/2025\/01\/Logo-Viwa-150x150.png","datePublished":"2025-04-13T11:59:53+00:00","dateModified":"2025-04-13T12:17:57+00:00","breadcrumb":{"@id":"https:\/\/viwa.com.pl\/?page_id=344#breadcrumb"},"inLanguage":"pl-PL","potentialAction":[{"@type":"ReadAction","target":["https:\/\/viwa.com.pl\/?page_id=344"]}]},{"@type":"ImageObject","inLanguage":"pl-PL","@id":"https:\/\/viwa.com.pl\/?page_id=344#primaryimage","url":"https:\/\/viwa.com.pl\/wp-content\/uploads\/2025\/01\/Logo-Viwa.png","contentUrl":"https:\/\/viwa.com.pl\/wp-content\/uploads\/2025\/01\/Logo-Viwa.png","width":512,"height":512,"caption":"Logo Viwa"},{"@type":"BreadcrumbList","@id":"https:\/\/viwa.com.pl\/?page_id=344#breadcrumb","itemListElement":[{"@type":"ListItem","position":1,"name":"Home","item":"http:\/\/viwa.com.pl\/"},{"@type":"ListItem","position":2,"name":"P\u0142yn do szyb, okien i ram"}]},{"@type":"WebSite","@id":"http:\/\/viwa.com.pl\/#website","url":"http:\/\/viwa.com.pl\/","name":"Viwa G\u0142ubczyce","description":"Hurtownia chemii","publisher":{"@id":"http:\/\/viwa.com.pl\/#organization"},"potentialAction":[{"@type":"SearchAction","target":{"@type":"EntryPoint","urlTemplate":"http:\/\/viwa.com.pl\/?s={search_term_string}"},"query-input":{"@type":"PropertyValueSpecification","valueRequired":true,"valueName":"search_term_string"}}],"inLanguage":"pl-PL"},{"@type":"Organization","@id":"http:\/\/viwa.com.pl\/#organization","name":"Viwa G\u0142ubczyce","url":"http:\/\/viwa.com.pl\/","logo":{"@type":"ImageObject","inLanguage":"pl-PL","@id":"http:\/\/viwa.com.pl\/#\/schema\/logo\/image\/","url":"https:\/\/viwa.com.pl\/wp-content\/uploads\/2025\/01\/Logo-Viwa.png","contentUrl":"https:\/\/viwa.com.pl\/wp-content\/uploads\/2025\/01\/Logo-Viwa.png","width":512,"height":512,"caption":"Viwa G\u0142ubczyce"},"image":{"@id":"http:\/\/viwa.com.pl\/#\/schema\/logo\/image\/"}}]}},"_links":{"self":[{"href":"https:\/\/viwa.com.pl\/index.php?rest_route=\/wp\/v2\/pages\/344","targetHints":{"allow":["GET"]}}],"collection":[{"href":"https:\/\/viwa.com.pl\/index.php?rest_route=\/wp\/v2\/pages"}],"about":[{"href":"https:\/\/viwa.com.pl\/index.php?rest_route=\/wp\/v2\/types\/page"}],"author":[{"embeddable":true,"href":"https:\/\/viwa.com.pl\/index.php?rest_route=\/wp\/v2\/users\/1"}],"replies":[{"embeddable":true,"href":"https:\/\/viwa.com.pl\/index.php?rest_route=%2Fwp%2Fv2%2Fcomments&post=344"}],"version-history":[{"count":8,"href":"https:\/\/viwa.com.pl\/index.php?rest_route=\/wp\/v2\/pages\/344\/revisions"}],"predecessor-version":[{"id":360,"href":"https:\/\/viwa.com.pl\/index.php?rest_route=\/wp\/v2\/pages\/344\/revisions\/360"}],"wp:attachment":[{"href":"https:\/\/viwa.com.pl\/index.php?rest_route=%2Fwp%2Fv2%2Fmedia&parent=344"}],"curies":[{"name":"wp","href":"https:\/\/api.w.org\/{rel}","templated":true}]}}