{"id":346,"date":"2025-04-13T14:06:49","date_gmt":"2025-04-13T12:06:49","guid":{"rendered":"https:\/\/viwa.com.pl\/?page_id=346"},"modified":"2025-04-13T14:08:50","modified_gmt":"2025-04-13T12:08:50","slug":"plyn-do-szyb-i-luster-2","status":"publish","type":"page","link":"https:\/\/viwa.com.pl\/?page_id=346","title":{"rendered":"P\u0142yn do szyb i luster"},"content":{"rendered":"\t\t<div data-elementor-type=\"wp-page\" data-elementor-id=\"346\" class=\"elementor elementor-346\">\n\t\t\t\t<div class=\"elementor-element elementor-element-a11cdf5 e-flex e-con-boxed e-con e-parent\" data-id=\"a11cdf5\" data-element_type=\"container\">\n\t\t\t\t\t<div class=\"e-con-inner\">\n\t\t<div class=\"elementor-element elementor-element-1bc7948 e-con-full e-flex e-con e-child\" data-id=\"1bc7948\" data-element_type=\"container\">\n\t\t\t\t<div class=\"elementor-element elementor-element-15808d0 elementor-widget elementor-widget-image\" data-id=\"15808d0\" data-element_type=\"widget\" data-widget_type=\"image.default\">\n\t\t\t\t<div class=\"elementor-widget-container\">\n\t\t\t\t\t\t\t\t\t\t\t\t\t\t\t<img decoding=\"async\" width=\"150\" height=\"150\" src=\"https:\/\/viwa.com.pl\/wp-content\/uploads\/2025\/01\/Logo-Viwa-150x150.png\" class=\"attachment-thumbnail size-thumbnail wp-image-9\" alt=\"Logo Viwa\" srcset=\"https:\/\/viwa.com.pl\/wp-content\/uploads\/2025\/01\/Logo-Viwa-150x150.png 150w, https:\/\/viwa.com.pl\/wp-content\/uploads\/2025\/01\/Logo-Viwa-300x300.png 300w, https:\/\/viwa.com.pl\/wp-content\/uploads\/2025\/01\/Logo-Viwa-100x100.png 100w, https:\/\/viwa.com.pl\/wp-content\/uploads\/2025\/01\/Logo-Viwa.png 512w\" sizes=\"(max-width: 150px) 100vw, 150px\" \/>\t\t\t\t\t\t\t\t\t\t\t\t\t\t\t<\/div>\n\t\t\t\t<\/div>\n\t\t\t\t<div class=\"elementor-element elementor-element-3904ca04 elementor-widget elementor-widget-heading\" data-id=\"3904ca04\" data-element_type=\"widget\" data-widget_type=\"heading.default\">\n\t\t\t\t<div class=\"elementor-widget-container\">\n\t\t\t\t\t<h1 class=\"elementor-heading-title elementor-size-default\">P\u0142yn do szyb i luster<\/h1>\t\t\t\t<\/div>\n\t\t\t\t<\/div>\n\t\t\t\t<div class=\"elementor-element elementor-element-30cd8ac7 elementor-widget__width-initial elementor-widget elementor-widget-text-editor\" data-id=\"30cd8ac7\" data-element_type=\"widget\" data-widget_type=\"text-editor.default\">\n\t\t\t\t<div class=\"elementor-widget-container\">\n\t\t\t\t\t\t\t\t\t<p>Chcesz, by Twoje szyby i lustra l\u015bni\u0142y jak z katalogu, a sprz\u0105tanie sta\u0142o si\u0119 proste i przyjemne?<\/p><p>Poznaj &#8222;VIWA&#8221; \u2013 SZYBY I LUSTRA p\u0142yn, kt\u00f3ry zmienia mycie w chwilk\u0119 satysfakcji. Stworzony przez ekspert\u00f3w, dzia\u0142a szybko, i skutecznie usuwa brud, kurz, odciski palc\u00f3w i inne niechciane zabrudzenia , kt\u00f3re gromadz\u0105 si\u0119 na powierzchniach szklanych.<\/p><h4>PROFESJONALNY P\u0141YN VIWA DO SZYB I LUSTER.<\/h4>\t\t\t\t\t\t\t\t<\/div>\n\t\t\t\t<\/div>\n\t\t\t\t<\/div>\n\t\t<div class=\"elementor-element elementor-element-73e1259 e-con-full e-flex e-con e-child\" data-id=\"73e1259\" data-element_type=\"container\">\n\t\t\t\t<div class=\"elementor-element elementor-element-bc9cbb3 elementor-widget elementor-widget-image\" data-id=\"bc9cbb3\" data-element_type=\"widget\" data-widget_type=\"image.default\">\n\t\t\t\t<div class=\"elementor-widget-container\">\n\t\t\t\t\t\t\t\t\t\t\t\t\t\t\t\t<a href=\"http:\/\/viwa.com.pl\/wp-content\/uploads\/2025\/04\/plyn-do-szyb-i-luster.png\" data-elementor-open-lightbox=\"yes\" data-elementor-lightbox-title=\"p\u0142yn do szyb i luster\" data-e-action-hash=\"#elementor-action%3Aaction%3Dlightbox%26settings%3DeyJpZCI6MzA0LCJ1cmwiOiJodHRwczpcL1wvdml3YS5jb20ucGxcL3dwLWNvbnRlbnRcL3VwbG9hZHNcLzIwMjVcLzA0XC9wbHluLWRvLXN6eWItaS1sdXN0ZXIucG5nIn0%3D\">\n\t\t\t\t\t\t\t<img fetchpriority=\"high\" decoding=\"async\" width=\"640\" height=\"1024\" src=\"https:\/\/viwa.com.pl\/wp-content\/uploads\/2025\/04\/plyn-do-szyb-i-luster-640x1024.png\" class=\"attachment-large size-large wp-image-304\" alt=\"\" srcset=\"https:\/\/viwa.com.pl\/wp-content\/uploads\/2025\/04\/plyn-do-szyb-i-luster-640x1024.png 640w, https:\/\/viwa.com.pl\/wp-content\/uploads\/2025\/04\/plyn-do-szyb-i-luster-600x960.png 600w, https:\/\/viwa.com.pl\/wp-content\/uploads\/2025\/04\/plyn-do-szyb-i-luster-188x300.png 188w, https:\/\/viwa.com.pl\/wp-content\/uploads\/2025\/04\/plyn-do-szyb-i-luster-768x1229.png 768w, https:\/\/viwa.com.pl\/wp-content\/uploads\/2025\/04\/plyn-do-szyb-i-luster-960x1536.png 960w, https:\/\/viwa.com.pl\/wp-content\/uploads\/2025\/04\/plyn-do-szyb-i-luster.png 1250w\" sizes=\"(max-width: 640px) 100vw, 640px\" \/>\t\t\t\t\t\t\t\t<\/a>\n\t\t\t\t\t\t\t\t\t\t\t\t\t\t\t<\/div>\n\t\t\t\t<\/div>\n\t\t\t\t<\/div>\n\t\t\t\t\t<\/div>\n\t\t\t\t<\/div>\n\t\t<div class=\"elementor-element elementor-element-a775743 e-flex e-con-boxed e-con e-parent\" data-id=\"a775743\" data-element_type=\"container\">\n\t\t\t\t\t<div class=\"e-con-inner\">\n\t\t\t\t<div class=\"elementor-element elementor-element-e598e52 elementor-widget__width-initial elementor-widget elementor-widget-text-editor\" data-id=\"e598e52\" data-element_type=\"widget\" data-widget_type=\"text-editor.default\">\n\t\t\t\t<div class=\"elementor-widget-container\">\n\t\t\t\t\t\t\t\t\t<h4>Zero zaciek\u00f3w<\/h4><p>Dzi\u0119ki p\u0142ynowi do szyb i luster Viwa Twoje szyby pozostan\u0105 bez zaciek\u00f3w i innych nieestetycznych \u015blad\u00f3w. Mo\u017cesz teraz cieszy\u0107 si\u0119 krystalicznie czystymi szybami bez konieczno\u015bci po\u015bwi\u0119cania du\u017cej ilo\u015bci czasu i wysi\u0142ku. Nasz gotowy p\u0142yn do czyszczenia szyb i luster to doskona\u0142e rozwi\u0105zanie dla tych, kt\u00f3rzy pragn\u0105 utrzyma\u0107 swoje powierzchnie szklane w nieskazitelnej czysto\u015bci.<\/p>\t\t\t\t\t\t\t\t<\/div>\n\t\t\t\t<\/div>\n\t\t\t\t<div class=\"elementor-element elementor-element-0c83dd5 elementor-widget__width-initial elementor-widget elementor-widget-text-editor\" data-id=\"0c83dd5\" data-element_type=\"widget\" data-widget_type=\"text-editor.default\">\n\t\t\t\t<div class=\"elementor-widget-container\">\n\t\t\t\t\t\t\t\t\t<h4>Dlaczego VIWA to Tw\u00f3j must-have?<\/h4><ul><li>NIGDY WI\u0118CEJ SMUG \u2013 perfekcyjna czysto\u015b\u0107 bez irytuj\u0105cego &#8222;mazania&#8221;.<\/li><li>NAUKOWA MOC \u2013 nowoczesna formu\u0142a kt\u00f3ra dzia\u0142a NATYCHMIAST<\/li><li>EKSPRESOWE SPRZ\u0104TANIE \u2013 idealny dla tych, kt\u00f3rzy ceni\u0105 czas i perfekcj\u0119.<\/li><li>\u015awie\u017cy zapach \u2013 lekka nuta czysto\u015bci, kt\u00f3ra wype\u0142nia Tw\u00f3j dom.<\/li><li>Uwielbiany przez u\u017cytkownik\u00f3w \u2013 &#8222;Najlepszy p\u0142yn, jaki mia\u0142am!&#8221; \u2013 m\u00f3wi\u0105 klientki.<\/li><li>Polska jako\u015b\u0107 \u2013 VIWA to marka, kt\u00f3rej mo\u017cesz zaufa\u0107.<\/li><li>D\u0142ugotrwa\u0142a ochrona przed osadzaniem si\u0119 zanieczyszcze\u0144.<\/li><\/ul>\t\t\t\t\t\t\t\t<\/div>\n\t\t\t\t<\/div>\n\t\t\t\t<div class=\"elementor-element elementor-element-6f7cf17 elementor-widget__width-initial elementor-widget elementor-widget-text-editor\" data-id=\"6f7cf17\" data-element_type=\"widget\" data-widget_type=\"text-editor.default\">\n\t\t\t\t<div class=\"elementor-widget-container\">\n\t\t\t\t\t\t\t\t\t<h4>Spos\u00f3b u\u017cycia<\/h4><p>Produkt jest \u0142atwy w u\u017cyciu , po prostu nanie\u015b go na powierzchni\u0119 szklan\u0105, a nast\u0119pnie przetrzyj mi\u0119kk\u0105 szmatk\u0105. Efekt czysto\u015bci bez smug b\u0119dzie natychmiastowy.<\/p>\t\t\t\t\t\t\t\t<\/div>\n\t\t\t\t<\/div>\n\t\t\t\t<div class=\"elementor-element elementor-element-a3cb99e elementor-widget__width-initial elementor-widget elementor-widget-text-editor\" data-id=\"a3cb99e\" data-element_type=\"widget\" data-widget_type=\"text-editor.default\">\n\t\t\t\t<div class=\"elementor-widget-container\">\n\t\t\t\t\t\t\t\t\t<h4>Opinie<\/h4><ul><li><em>\u201eZawsze mycie okien odk\u0142ada\u0142am na p\u00f3\u017aniej. Teraz robi\u0119 to szybko i bez wysi\u0142ku!\u201d<\/em><\/li><li><em>\u201eTo nie jest zwyk\u0142y p\u0142yn, to turbo pomocnik w sprz\u0105taniu!\u201d<\/em><\/li><li><em>\u201eW ko\u0144cu produkt, kt\u00f3ry dzia\u0142a tak, jak obiecuje producent. Brawo VIWA!\u201d<\/em><\/li><li><em>\u201eNie ryzykujemy z tanimi \u015brodkami \u2013 z VIW\u0104 wiemy, \u017ce jako\u015b\u0107 sprz\u0105tania jest zawsze na wysokim poziomie.\u201d<\/em><\/li><\/ul>\t\t\t\t\t\t\t\t<\/div>\n\t\t\t\t<\/div>\n\t\t\t\t<div class=\"elementor-element elementor-element-33026b8 elementor-widget__width-initial elementor-widget elementor-widget-text-editor\" data-id=\"33026b8\" data-element_type=\"widget\" data-widget_type=\"text-editor.default\">\n\t\t\t\t<div class=\"elementor-widget-container\">\n\t\t\t\t\t\t\t\t\t<h4>Czyste szyby i lustra bez zaciek\u00f3w.<\/h4><h4>VIWA \u2013 Profesjonalna si\u0142a do Twojej \u0142azienki.<\/h4>\t\t\t\t\t\t\t\t<\/div>\n\t\t\t\t<\/div>\n\t\t\t\t<div class=\"elementor-element elementor-element-8ef1922 elementor-widget elementor-widget-text-editor\" data-id=\"8ef1922\" data-element_type=\"widget\" data-widget_type=\"text-editor.default\">\n\t\t\t\t<div class=\"elementor-widget-container\">\n\t\t\t\t\t\t\t\t\t<h4>Materia\u0142y do pobrania:<\/h4><ul><li><span style=\"text-decoration: underline;\"><a href=\"http:\/\/viwa.com.pl\/wp-content\/uploads\/2025\/02\/1.-ARKUSZ-SZYB-LUSTER.pdf\">Arkusz danych sk\u0142adnik\u00f3w<\/a><\/span><\/li><li><span style=\"text-decoration: underline;\"><a href=\"http:\/\/viwa.com.pl\/wp-content\/uploads\/2025\/02\/2.-ARKUSZ-SZYB-LUSTER-PM.pdf\">Arkusz danych sk\u0142adnik\u00f3w dla personelu medycznego<\/a><\/span><\/li><li><a href=\"http:\/\/viwa.com.pl\/wp-content\/uploads\/2025\/02\/Plyn-do-szyb-i-luster_KCH_2023-05.pdf\"><u>Karta charakterystyki<\/u><\/a><\/li><\/ul>\t\t\t\t\t\t\t\t<\/div>\n\t\t\t\t<\/div>\n\t\t\t\t\t<\/div>\n\t\t\t\t<\/div>\n\t\t<div class=\"elementor-element elementor-element-06020b3 e-con-full e-flex e-con e-parent\" data-id=\"06020b3\" data-element_type=\"container\">\n\t\t\t\t<div class=\"elementor-element elementor-element-ef78b05 elementor-widget-divider--view-line elementor-widget elementor-widget-divider\" data-id=\"ef78b05\" data-element_type=\"widget\" data-widget_type=\"divider.default\">\n\t\t\t\t<div class=\"elementor-widget-container\">\n\t\t\t\t\t\t\t<div class=\"elementor-divider\">\n\t\t\t<span class=\"elementor-divider-separator\">\n\t\t\t\t\t\t<\/span>\n\t\t<\/div>\n\t\t\t\t\t\t<\/div>\n\t\t\t\t<\/div>\n\t\t\t\t<\/div>\n\t\t\t\t<\/div>\n\t\t","protected":false},"excerpt":{"rendered":"<p>P\u0142yn do szyb i luster Chcesz, by Twoje szyby i lustra l\u015bni\u0142y jak z katalogu, a sprz\u0105tanie sta\u0142o si\u0119 proste i przyjemne? Poznaj &#8222;VIWA&#8221; \u2013 SZYBY I LUSTRA p\u0142yn, kt\u00f3ry zmienia mycie w chwilk\u0119 satysfakcji. Stworzony przez ekspert\u00f3w, dzia\u0142a szybko, i skutecznie usuwa brud, kurz, odciski palc\u00f3w i inne niechciane zabrudzenia , kt\u00f3re gromadz\u0105 si\u0119 [&hellip;]<\/p>\n","protected":false},"author":1,"featured_media":0,"parent":0,"menu_order":0,"comment_status":"closed","ping_status":"closed","template":"","meta":{"footnotes":""},"class_list":["post-346","page","type-page","status-publish","hentry"],"yoast_head":"<!-- This site is optimized with the Yoast SEO plugin v27.4 - https:\/\/yoast.com\/product\/yoast-seo-wordpress\/ -->\n<title>P\u0142yn do szyb i luster - Viwa G\u0142ubczyce<\/title>\n<meta name=\"robots\" content=\"index, follow, max-snippet:-1, max-image-preview:large, max-video-preview:-1\" \/>\n<link rel=\"canonical\" href=\"https:\/\/viwa.com.pl\/?page_id=346\" \/>\n<meta property=\"og:locale\" content=\"pl_PL\" \/>\n<meta property=\"og:type\" content=\"article\" \/>\n<meta property=\"og:title\" content=\"P\u0142yn do szyb i luster - Viwa G\u0142ubczyce\" \/>\n<meta property=\"og:description\" content=\"P\u0142yn do szyb i luster Chcesz, by Twoje szyby i lustra l\u015bni\u0142y jak z katalogu, a sprz\u0105tanie sta\u0142o si\u0119 proste i przyjemne? Poznaj &#8222;VIWA&#8221; \u2013 SZYBY I LUSTRA p\u0142yn, kt\u00f3ry zmienia mycie w chwilk\u0119 satysfakcji. Stworzony przez ekspert\u00f3w, dzia\u0142a szybko, i skutecznie usuwa brud, kurz, odciski palc\u00f3w i inne niechciane zabrudzenia , kt\u00f3re gromadz\u0105 si\u0119 [&hellip;]\" \/>\n<meta property=\"og:url\" content=\"https:\/\/viwa.com.pl\/?page_id=346\" \/>\n<meta property=\"og:site_name\" content=\"Viwa G\u0142ubczyce\" \/>\n<meta property=\"article:modified_time\" content=\"2025-04-13T12:08:50+00:00\" \/>\n<meta property=\"og:image\" content=\"http:\/\/viwa.com.pl\/wp-content\/uploads\/2025\/01\/Logo-Viwa-150x150.png\" \/>\n<meta name=\"twitter:card\" content=\"summary_large_image\" \/>\n<meta name=\"twitter:label1\" content=\"Szacowany czas czytania\" \/>\n\t<meta name=\"twitter:data1\" content=\"3 minuty\" \/>\n<script type=\"application\/ld+json\" class=\"yoast-schema-graph\">{\"@context\":\"https:\\\/\\\/schema.org\",\"@graph\":[{\"@type\":\"WebPage\",\"@id\":\"https:\\\/\\\/viwa.com.pl\\\/?page_id=346\",\"url\":\"https:\\\/\\\/viwa.com.pl\\\/?page_id=346\",\"name\":\"P\u0142yn do szyb i luster - Viwa G\u0142ubczyce\",\"isPartOf\":{\"@id\":\"http:\\\/\\\/viwa.com.pl\\\/#website\"},\"primaryImageOfPage\":{\"@id\":\"https:\\\/\\\/viwa.com.pl\\\/?page_id=346#primaryimage\"},\"image\":{\"@id\":\"https:\\\/\\\/viwa.com.pl\\\/?page_id=346#primaryimage\"},\"thumbnailUrl\":\"http:\\\/\\\/viwa.com.pl\\\/wp-content\\\/uploads\\\/2025\\\/01\\\/Logo-Viwa-150x150.png\",\"datePublished\":\"2025-04-13T12:06:49+00:00\",\"dateModified\":\"2025-04-13T12:08:50+00:00\",\"breadcrumb\":{\"@id\":\"https:\\\/\\\/viwa.com.pl\\\/?page_id=346#breadcrumb\"},\"inLanguage\":\"pl-PL\",\"potentialAction\":[{\"@type\":\"ReadAction\",\"target\":[\"https:\\\/\\\/viwa.com.pl\\\/?page_id=346\"]}]},{\"@type\":\"ImageObject\",\"inLanguage\":\"pl-PL\",\"@id\":\"https:\\\/\\\/viwa.com.pl\\\/?page_id=346#primaryimage\",\"url\":\"https:\\\/\\\/viwa.com.pl\\\/wp-content\\\/uploads\\\/2025\\\/01\\\/Logo-Viwa.png\",\"contentUrl\":\"https:\\\/\\\/viwa.com.pl\\\/wp-content\\\/uploads\\\/2025\\\/01\\\/Logo-Viwa.png\",\"width\":512,\"height\":512,\"caption\":\"Logo Viwa\"},{\"@type\":\"BreadcrumbList\",\"@id\":\"https:\\\/\\\/viwa.com.pl\\\/?page_id=346#breadcrumb\",\"itemListElement\":[{\"@type\":\"ListItem\",\"position\":1,\"name\":\"Home\",\"item\":\"http:\\\/\\\/viwa.com.pl\\\/\"},{\"@type\":\"ListItem\",\"position\":2,\"name\":\"P\u0142yn do szyb i luster\"}]},{\"@type\":\"WebSite\",\"@id\":\"http:\\\/\\\/viwa.com.pl\\\/#website\",\"url\":\"http:\\\/\\\/viwa.com.pl\\\/\",\"name\":\"Viwa G\u0142ubczyce\",\"description\":\"Hurtownia chemii\",\"publisher\":{\"@id\":\"http:\\\/\\\/viwa.com.pl\\\/#organization\"},\"potentialAction\":[{\"@type\":\"SearchAction\",\"target\":{\"@type\":\"EntryPoint\",\"urlTemplate\":\"http:\\\/\\\/viwa.com.pl\\\/?s={search_term_string}\"},\"query-input\":{\"@type\":\"PropertyValueSpecification\",\"valueRequired\":true,\"valueName\":\"search_term_string\"}}],\"inLanguage\":\"pl-PL\"},{\"@type\":\"Organization\",\"@id\":\"http:\\\/\\\/viwa.com.pl\\\/#organization\",\"name\":\"Viwa G\u0142ubczyce\",\"url\":\"http:\\\/\\\/viwa.com.pl\\\/\",\"logo\":{\"@type\":\"ImageObject\",\"inLanguage\":\"pl-PL\",\"@id\":\"http:\\\/\\\/viwa.com.pl\\\/#\\\/schema\\\/logo\\\/image\\\/\",\"url\":\"https:\\\/\\\/viwa.com.pl\\\/wp-content\\\/uploads\\\/2025\\\/01\\\/Logo-Viwa.png\",\"contentUrl\":\"https:\\\/\\\/viwa.com.pl\\\/wp-content\\\/uploads\\\/2025\\\/01\\\/Logo-Viwa.png\",\"width\":512,\"height\":512,\"caption\":\"Viwa G\u0142ubczyce\"},\"image\":{\"@id\":\"http:\\\/\\\/viwa.com.pl\\\/#\\\/schema\\\/logo\\\/image\\\/\"}}]}<\/script>\n<!-- \/ Yoast SEO plugin. -->","yoast_head_json":{"title":"P\u0142yn do szyb i luster - Viwa G\u0142ubczyce","robots":{"index":"index","follow":"follow","max-snippet":"max-snippet:-1","max-image-preview":"max-image-preview:large","max-video-preview":"max-video-preview:-1"},"canonical":"https:\/\/viwa.com.pl\/?page_id=346","og_locale":"pl_PL","og_type":"article","og_title":"P\u0142yn do szyb i luster - Viwa G\u0142ubczyce","og_description":"P\u0142yn do szyb i luster Chcesz, by Twoje szyby i lustra l\u015bni\u0142y jak z katalogu, a sprz\u0105tanie sta\u0142o si\u0119 proste i przyjemne? Poznaj &#8222;VIWA&#8221; \u2013 SZYBY I LUSTRA p\u0142yn, kt\u00f3ry zmienia mycie w chwilk\u0119 satysfakcji. Stworzony przez ekspert\u00f3w, dzia\u0142a szybko, i skutecznie usuwa brud, kurz, odciski palc\u00f3w i inne niechciane zabrudzenia , kt\u00f3re gromadz\u0105 si\u0119 [&hellip;]","og_url":"https:\/\/viwa.com.pl\/?page_id=346","og_site_name":"Viwa G\u0142ubczyce","article_modified_time":"2025-04-13T12:08:50+00:00","og_image":[{"url":"http:\/\/viwa.com.pl\/wp-content\/uploads\/2025\/01\/Logo-Viwa-150x150.png","type":"","width":"","height":""}],"twitter_card":"summary_large_image","twitter_misc":{"Szacowany czas czytania":"3 minuty"},"schema":{"@context":"https:\/\/schema.org","@graph":[{"@type":"WebPage","@id":"https:\/\/viwa.com.pl\/?page_id=346","url":"https:\/\/viwa.com.pl\/?page_id=346","name":"P\u0142yn do szyb i luster - Viwa G\u0142ubczyce","isPartOf":{"@id":"http:\/\/viwa.com.pl\/#website"},"primaryImageOfPage":{"@id":"https:\/\/viwa.com.pl\/?page_id=346#primaryimage"},"image":{"@id":"https:\/\/viwa.com.pl\/?page_id=346#primaryimage"},"thumbnailUrl":"http:\/\/viwa.com.pl\/wp-content\/uploads\/2025\/01\/Logo-Viwa-150x150.png","datePublished":"2025-04-13T12:06:49+00:00","dateModified":"2025-04-13T12:08:50+00:00","breadcrumb":{"@id":"https:\/\/viwa.com.pl\/?page_id=346#breadcrumb"},"inLanguage":"pl-PL","potentialAction":[{"@type":"ReadAction","target":["https:\/\/viwa.com.pl\/?page_id=346"]}]},{"@type":"ImageObject","inLanguage":"pl-PL","@id":"https:\/\/viwa.com.pl\/?page_id=346#primaryimage","url":"https:\/\/viwa.com.pl\/wp-content\/uploads\/2025\/01\/Logo-Viwa.png","contentUrl":"https:\/\/viwa.com.pl\/wp-content\/uploads\/2025\/01\/Logo-Viwa.png","width":512,"height":512,"caption":"Logo Viwa"},{"@type":"BreadcrumbList","@id":"https:\/\/viwa.com.pl\/?page_id=346#breadcrumb","itemListElement":[{"@type":"ListItem","position":1,"name":"Home","item":"http:\/\/viwa.com.pl\/"},{"@type":"ListItem","position":2,"name":"P\u0142yn do szyb i luster"}]},{"@type":"WebSite","@id":"http:\/\/viwa.com.pl\/#website","url":"http:\/\/viwa.com.pl\/","name":"Viwa G\u0142ubczyce","description":"Hurtownia chemii","publisher":{"@id":"http:\/\/viwa.com.pl\/#organization"},"potentialAction":[{"@type":"SearchAction","target":{"@type":"EntryPoint","urlTemplate":"http:\/\/viwa.com.pl\/?s={search_term_string}"},"query-input":{"@type":"PropertyValueSpecification","valueRequired":true,"valueName":"search_term_string"}}],"inLanguage":"pl-PL"},{"@type":"Organization","@id":"http:\/\/viwa.com.pl\/#organization","name":"Viwa G\u0142ubczyce","url":"http:\/\/viwa.com.pl\/","logo":{"@type":"ImageObject","inLanguage":"pl-PL","@id":"http:\/\/viwa.com.pl\/#\/schema\/logo\/image\/","url":"https:\/\/viwa.com.pl\/wp-content\/uploads\/2025\/01\/Logo-Viwa.png","contentUrl":"https:\/\/viwa.com.pl\/wp-content\/uploads\/2025\/01\/Logo-Viwa.png","width":512,"height":512,"caption":"Viwa G\u0142ubczyce"},"image":{"@id":"http:\/\/viwa.com.pl\/#\/schema\/logo\/image\/"}}]}},"_links":{"self":[{"href":"https:\/\/viwa.com.pl\/index.php?rest_route=\/wp\/v2\/pages\/346","targetHints":{"allow":["GET"]}}],"collection":[{"href":"https:\/\/viwa.com.pl\/index.php?rest_route=\/wp\/v2\/pages"}],"about":[{"href":"https:\/\/viwa.com.pl\/index.php?rest_route=\/wp\/v2\/types\/page"}],"author":[{"embeddable":true,"href":"https:\/\/viwa.com.pl\/index.php?rest_route=\/wp\/v2\/users\/1"}],"replies":[{"embeddable":true,"href":"https:\/\/viwa.com.pl\/index.php?rest_route=%2Fwp%2Fv2%2Fcomments&post=346"}],"version-history":[{"count":6,"href":"https:\/\/viwa.com.pl\/index.php?rest_route=\/wp\/v2\/pages\/346\/revisions"}],"predecessor-version":[{"id":354,"href":"https:\/\/viwa.com.pl\/index.php?rest_route=\/wp\/v2\/pages\/346\/revisions\/354"}],"wp:attachment":[{"href":"https:\/\/viwa.com.pl\/index.php?rest_route=%2Fwp%2Fv2%2Fmedia&parent=346"}],"curies":[{"name":"wp","href":"https:\/\/api.w.org\/{rel}","templated":true}]}}