{"id":39,"date":"2025-01-13T20:57:08","date_gmt":"2025-01-13T19:57:08","guid":{"rendered":"https:\/\/viwa.com.pl\/?page_id=39"},"modified":"2025-04-24T12:34:09","modified_gmt":"2025-04-24T10:34:09","slug":"kamien-i-rdza","status":"publish","type":"page","link":"https:\/\/viwa.com.pl\/?page_id=39","title":{"rendered":"Kamie\u0144 i rdza"},"content":{"rendered":"\t\t<div data-elementor-type=\"wp-page\" data-elementor-id=\"39\" class=\"elementor elementor-39\">\n\t\t\t\t<div class=\"elementor-element elementor-element-a11cdf5 e-flex e-con-boxed e-con e-parent\" data-id=\"a11cdf5\" data-element_type=\"container\">\n\t\t\t\t\t<div class=\"e-con-inner\">\n\t\t<div class=\"elementor-element elementor-element-1bc7948 e-con-full e-flex e-con e-child\" data-id=\"1bc7948\" data-element_type=\"container\">\n\t\t\t\t<div class=\"elementor-element elementor-element-15808d0 elementor-widget elementor-widget-image\" data-id=\"15808d0\" data-element_type=\"widget\" data-widget_type=\"image.default\">\n\t\t\t\t<div class=\"elementor-widget-container\">\n\t\t\t\t\t\t\t\t\t\t\t\t\t\t\t<img decoding=\"async\" width=\"150\" height=\"150\" src=\"https:\/\/viwa.com.pl\/wp-content\/uploads\/2025\/01\/Logo-Viwa-150x150.png\" class=\"attachment-thumbnail size-thumbnail wp-image-9\" alt=\"Logo Viwa\" srcset=\"https:\/\/viwa.com.pl\/wp-content\/uploads\/2025\/01\/Logo-Viwa-150x150.png 150w, https:\/\/viwa.com.pl\/wp-content\/uploads\/2025\/01\/Logo-Viwa-300x300.png 300w, https:\/\/viwa.com.pl\/wp-content\/uploads\/2025\/01\/Logo-Viwa-100x100.png 100w, https:\/\/viwa.com.pl\/wp-content\/uploads\/2025\/01\/Logo-Viwa.png 512w\" sizes=\"(max-width: 150px) 100vw, 150px\" \/>\t\t\t\t\t\t\t\t\t\t\t\t\t\t\t<\/div>\n\t\t\t\t<\/div>\n\t\t\t\t<div class=\"elementor-element elementor-element-3904ca04 elementor-widget elementor-widget-heading\" data-id=\"3904ca04\" data-element_type=\"widget\" data-widget_type=\"heading.default\">\n\t\t\t\t<div class=\"elementor-widget-container\">\n\t\t\t\t\t<h1 class=\"elementor-heading-title elementor-size-default\">Kamie\u0144 i rdza<\/h1>\t\t\t\t<\/div>\n\t\t\t\t<\/div>\n\t\t\t\t<div class=\"elementor-element elementor-element-30cd8ac7 elementor-widget__width-initial elementor-widget elementor-widget-text-editor\" data-id=\"30cd8ac7\" data-element_type=\"widget\" data-widget_type=\"text-editor.default\">\n\t\t\t\t<div class=\"elementor-widget-container\">\n\t\t\t\t\t\t\t\t\t<p>Zacieki z rdzy, bia\u0142y nalot na kranie&#8230; Niby \u0142azienka czysta, ale wygl\u0105da, jakby nie by\u0142a sprz\u0105tana. Osady z twardej wody i \u015blady rdzy nie tylko szpec\u0105, ale s\u0105 trudne do usuni\u0119cia. Zwyk\u0142y p\u0142yn nie daje rady?<\/p><p>Mamy na to rozwi\u0105zanie!<\/p><h4>PROFESJONALNY P\u0141YN VIWA <br \/>KAMIE\u0143 I RDZA.<\/h4>\t\t\t\t\t\t\t\t<\/div>\n\t\t\t\t<\/div>\n\t\t\t\t<\/div>\n\t\t<div class=\"elementor-element elementor-element-73e1259 e-con-full e-flex e-con e-child\" data-id=\"73e1259\" data-element_type=\"container\">\n\t\t\t\t<div class=\"elementor-element elementor-element-bc9cbb3 elementor-widget elementor-widget-image\" data-id=\"bc9cbb3\" data-element_type=\"widget\" data-widget_type=\"image.default\">\n\t\t\t\t<div class=\"elementor-widget-container\">\n\t\t\t\t\t\t\t\t\t\t\t\t\t\t\t\t<a href=\"http:\/\/viwa.com.pl\/wp-content\/uploads\/2025\/04\/kamien-i-rdza.png\" data-elementor-open-lightbox=\"yes\" data-elementor-lightbox-title=\"kamie\u0144 i rdza\" data-e-action-hash=\"#elementor-action%3Aaction%3Dlightbox%26settings%3DeyJpZCI6MzAzLCJ1cmwiOiJodHRwczpcL1wvdml3YS5jb20ucGxcL3dwLWNvbnRlbnRcL3VwbG9hZHNcLzIwMjVcLzA0XC9rYW1pZW4taS1yZHphLnBuZyJ9\">\n\t\t\t\t\t\t\t<img fetchpriority=\"high\" decoding=\"async\" width=\"640\" height=\"1024\" src=\"https:\/\/viwa.com.pl\/wp-content\/uploads\/2025\/04\/kamien-i-rdza-640x1024.png\" class=\"attachment-large size-large wp-image-303\" alt=\"\" srcset=\"https:\/\/viwa.com.pl\/wp-content\/uploads\/2025\/04\/kamien-i-rdza-640x1024.png 640w, https:\/\/viwa.com.pl\/wp-content\/uploads\/2025\/04\/kamien-i-rdza-600x960.png 600w, https:\/\/viwa.com.pl\/wp-content\/uploads\/2025\/04\/kamien-i-rdza-188x300.png 188w, https:\/\/viwa.com.pl\/wp-content\/uploads\/2025\/04\/kamien-i-rdza-768x1229.png 768w, https:\/\/viwa.com.pl\/wp-content\/uploads\/2025\/04\/kamien-i-rdza-960x1536.png 960w, https:\/\/viwa.com.pl\/wp-content\/uploads\/2025\/04\/kamien-i-rdza.png 1250w\" sizes=\"(max-width: 640px) 100vw, 640px\" \/>\t\t\t\t\t\t\t\t<\/a>\n\t\t\t\t\t\t\t\t\t\t\t\t\t\t\t<\/div>\n\t\t\t\t<\/div>\n\t\t\t\t<\/div>\n\t\t\t\t\t<\/div>\n\t\t\t\t<\/div>\n\t\t<div class=\"elementor-element elementor-element-a775743 e-flex e-con-boxed e-con e-parent\" data-id=\"a775743\" data-element_type=\"container\">\n\t\t\t\t\t<div class=\"e-con-inner\">\n\t\t\t\t<div class=\"elementor-element elementor-element-e598e52 elementor-widget__width-initial elementor-widget elementor-widget-text-editor\" data-id=\"e598e52\" data-element_type=\"widget\" data-widget_type=\"text-editor.default\">\n\t\t\t\t<div class=\"elementor-widget-container\">\n\t\t\t\t\t\t\t\t\t<h4>Nowatorska formu\u0142a<\/h4><p>Nasza nowatorska formu\u0142a zosta\u0142a specjalnie opracowana, aby poradzi\u0107 sobie z najtrudniejszymi zabrudzeniami w Twojej \u0142azience. Dzi\u0119ki unikalnemu po\u0142\u0105czeniu aktywnych sk\u0142adnik\u00f3w, \u2013 wystarczy kilka minut, by nawet stare, oporne osady rozpu\u015bci\u0142y si\u0119 jak za dotkni\u0119ciem czarodziejskiej r\u00f3\u017cd\u017cki. Bez szorowania. Bez si\u0142owania si\u0119. Po prostu psik i gotowe.<\/p><p>Stworzony z my\u015bl\u0105 o trudnych przypadkach, kt\u00f3re wymagaj\u0105 wi\u0119cej ni\u017c zwyk\u0142y p\u0142yn.<\/p><p>VIWA czy\u015bci skutecznie, przywraca pierwotny wygl\u0105d i daje to cudowne uczucie: \u201eWow, znowu jak nowe!\u201d.<\/p>\t\t\t\t\t\t\t\t<\/div>\n\t\t\t\t<\/div>\n\t\t\t\t<div class=\"elementor-element elementor-element-0c83dd5 elementor-widget__width-initial elementor-widget elementor-widget-text-editor\" data-id=\"0c83dd5\" data-element_type=\"widget\" data-widget_type=\"text-editor.default\">\n\t\t\t\t<div class=\"elementor-widget-container\">\n\t\t\t\t\t\t\t\t\t<h4>Idealny do walki z:<\/h4><ul><li>kamieniem z twardej wody na kranach i armaturze<\/li><li>rdzawymi zaciekami wok\u00f3\u0142 odp\u0142yw\u00f3w<\/li><li>osadami na fugach i kafelkach<\/li><li>zmatowionymi elementami stalowymi<\/li><li>zanieczyszczeniami w trudno dost\u0119pnych miejscach \u0142azienki<\/li><\/ul>\t\t\t\t\t\t\t\t<\/div>\n\t\t\t\t<\/div>\n\t\t\t\t<div class=\"elementor-element elementor-element-e3639fd elementor-widget__width-initial elementor-widget elementor-widget-text-editor\" data-id=\"e3639fd\" data-element_type=\"widget\" data-widget_type=\"text-editor.default\">\n\t\t\t\t<div class=\"elementor-widget-container\">\n\t\t\t\t\t\t\t\t\t<h4>Dlaczego VIWA?<\/h4><ul><li>Skoncentrowana moc \u2013 usuwa kamie\u0144 i rdz\u0119 w kilka minut<\/li><li>Bez szorowania \u2013 bez wysi\u0142ku rozpuszcza osady<\/li><li>Oszcz\u0119dza Tw\u00f3j czas i energi\u0119<\/li><li>Produkt polski \u2013 zaprojektowany z my\u015bl\u0105 o realnych potrzebach<\/li><\/ul>\t\t\t\t\t\t\t\t<\/div>\n\t\t\t\t<\/div>\n\t\t\t\t<div class=\"elementor-element elementor-element-6f7cf17 elementor-widget__width-initial elementor-widget elementor-widget-text-editor\" data-id=\"6f7cf17\" data-element_type=\"widget\" data-widget_type=\"text-editor.default\">\n\t\t\t\t<div class=\"elementor-widget-container\">\n\t\t\t\t\t\t\t\t\t<h4>Spos\u00f3b u\u017cycia<\/h4><p>Spryskaj powierzchni\u0119, odczekaj 2\u20133 minuty, przetrzyj \u015bciereczk\u0105 i sp\u0142ucz wod\u0105. Gotowe!<\/p>\t\t\t\t\t\t\t\t<\/div>\n\t\t\t\t<\/div>\n\t\t\t\t<div class=\"elementor-element elementor-element-a3cb99e elementor-widget__width-initial elementor-widget elementor-widget-text-editor\" data-id=\"a3cb99e\" data-element_type=\"widget\" data-widget_type=\"text-editor.default\">\n\t\t\t\t<div class=\"elementor-widget-container\">\n\t\t\t\t\t\t\t\t\t<h4>Opinie<\/h4><ul><li><em>\u201eNie wierzy\u0142am, dop\u00f3ki nie spr\u00f3bowa\u0142am! Kamie\u0144 z kranu zszed\u0142 ekspresowo. Bez szorowania, bez nerw\u00f3w. Cudo!\u201d<\/em><\/li><li><em>\u201eW ko\u0144cu co\u015b, co naprawd\u0119 dzia\u0142a na rdz\u0119! Odp\u0142yw w wannie wygl\u0105da jak nowy. VIWA uratowa\u0142a moj\u0105 \u0142azienk\u0119!\u201d<\/em><\/li><li><em>\u201eTo m\u00f3j numer 1 do \u0142azienki. \u017baden inny p\u0142yn nie radzi\u0142 sobie z kamieniem tak skutecznie. VIWA to sztos!\u201d<\/em><\/li><li><em>\u201eZawsze mia\u0142am problem z osadem z wody na s\u0142uchawce prysznica \u2013 teraz wystarczy jedno psikni\u0119cie. Mega wygodne!\u201d<\/em><\/li><li><em>\u201eVIWA to game changer \u2013 \u0142azienka l\u015bni, a ja nie m\u0119cz\u0119 si\u0119 godzinami z czyszczeniem. Czego chcie\u0107 wi\u0119cej?\u201d<\/em><\/li><\/ul>\t\t\t\t\t\t\t\t<\/div>\n\t\t\t\t<\/div>\n\t\t\t\t<div class=\"elementor-element elementor-element-33026b8 elementor-widget__width-initial elementor-widget elementor-widget-text-editor\" data-id=\"33026b8\" data-element_type=\"widget\" data-widget_type=\"text-editor.default\">\n\t\t\t\t<div class=\"elementor-widget-container\">\n\t\t\t\t\t\t\t\t\t<h4>Zamiast m\u0119czy\u0107 si\u0119 z kamieniem i rdz\u0105 \u2013 pozb\u0105d\u017a si\u0119 ich raz, a dobrze.<\/h4><h4>VIWA \u2013 Profesjonalna si\u0142a do Twojej \u0142azienki.<\/h4>\t\t\t\t\t\t\t\t<\/div>\n\t\t\t\t<\/div>\n\t\t\t\t<div class=\"elementor-element elementor-element-8ef1922 elementor-widget elementor-widget-text-editor\" data-id=\"8ef1922\" data-element_type=\"widget\" data-widget_type=\"text-editor.default\">\n\t\t\t\t<div class=\"elementor-widget-container\">\n\t\t\t\t\t\t\t\t\t<h4>Materia\u0142y do pobrania:<\/h4><ul><li><span style=\"text-decoration: underline;\"><a href=\"http:\/\/viwa.com.pl\/wp-content\/uploads\/2025\/02\/ARKUSZ-DANYCH-dla-Uzytkownika_Kamien-i-Rdza_VIWA_2024-06.pdf\">Arkusz danych sk\u0142adnik\u00f3w<\/a><\/span><\/li><li><span style=\"text-decoration: underline;\"><a href=\"http:\/\/viwa.com.pl\/wp-content\/uploads\/2025\/02\/ARKUSZ-DANYCH-DLA-PERSONELU-MEDYCZNEGO_Kamien-i-Rdza_VIWA_2024-06.pdf\">Arkusz danych sk\u0142adnik\u00f3w dla personelu medycznego<\/a><\/span><\/li><li><a href=\"http:\/\/viwa.com.pl\/wp-content\/uploads\/2025\/04\/KAMIEN-I-RDZA-KARTA-1.pdf\"><u>Karta charakterystyki<\/u><\/a><\/li><\/ul>\t\t\t\t\t\t\t\t<\/div>\n\t\t\t\t<\/div>\n\t\t\t\t\t<\/div>\n\t\t\t\t<\/div>\n\t\t<div class=\"elementor-element elementor-element-06020b3 e-con-full e-flex e-con e-parent\" data-id=\"06020b3\" data-element_type=\"container\">\n\t\t\t\t<div class=\"elementor-element elementor-element-ef78b05 elementor-widget-divider--view-line elementor-widget elementor-widget-divider\" data-id=\"ef78b05\" data-element_type=\"widget\" data-widget_type=\"divider.default\">\n\t\t\t\t<div class=\"elementor-widget-container\">\n\t\t\t\t\t\t\t<div class=\"elementor-divider\">\n\t\t\t<span class=\"elementor-divider-separator\">\n\t\t\t\t\t\t<\/span>\n\t\t<\/div>\n\t\t\t\t\t\t<\/div>\n\t\t\t\t<\/div>\n\t\t\t\t<\/div>\n\t\t\t\t<\/div>\n\t\t","protected":false},"excerpt":{"rendered":"<p>Kamie\u0144 i rdza Zacieki z rdzy, bia\u0142y nalot na kranie&#8230; Niby \u0142azienka czysta, ale wygl\u0105da, jakby nie by\u0142a sprz\u0105tana. Osady z twardej wody i \u015blady rdzy nie tylko szpec\u0105, ale s\u0105 trudne do usuni\u0119cia. Zwyk\u0142y p\u0142yn nie daje rady? Mamy na to rozwi\u0105zanie! PROFESJONALNY P\u0141YN VIWA KAMIE\u0143 I RDZA. Nowatorska formu\u0142a Nasza nowatorska formu\u0142a zosta\u0142a [&hellip;]<\/p>\n","protected":false},"author":1,"featured_media":0,"parent":0,"menu_order":0,"comment_status":"closed","ping_status":"closed","template":"","meta":{"footnotes":""},"class_list":["post-39","page","type-page","status-publish","hentry"],"yoast_head":"<!-- This site is optimized with the Yoast SEO plugin v27.4 - https:\/\/yoast.com\/product\/yoast-seo-wordpress\/ -->\n<title>Kamie\u0144 i rdza - Viwa G\u0142ubczyce<\/title>\n<meta name=\"robots\" content=\"index, follow, max-snippet:-1, max-image-preview:large, max-video-preview:-1\" \/>\n<link rel=\"canonical\" href=\"https:\/\/viwa.com.pl\/?page_id=39\" \/>\n<meta property=\"og:locale\" content=\"pl_PL\" \/>\n<meta property=\"og:type\" content=\"article\" \/>\n<meta property=\"og:title\" content=\"Kamie\u0144 i rdza - Viwa G\u0142ubczyce\" \/>\n<meta property=\"og:description\" content=\"Kamie\u0144 i rdza Zacieki z rdzy, bia\u0142y nalot na kranie&#8230; Niby \u0142azienka czysta, ale wygl\u0105da, jakby nie by\u0142a sprz\u0105tana. Osady z twardej wody i \u015blady rdzy nie tylko szpec\u0105, ale s\u0105 trudne do usuni\u0119cia. Zwyk\u0142y p\u0142yn nie daje rady? Mamy na to rozwi\u0105zanie! PROFESJONALNY P\u0141YN VIWA KAMIE\u0143 I RDZA. Nowatorska formu\u0142a Nasza nowatorska formu\u0142a zosta\u0142a [&hellip;]\" \/>\n<meta property=\"og:url\" content=\"https:\/\/viwa.com.pl\/?page_id=39\" \/>\n<meta property=\"og:site_name\" content=\"Viwa G\u0142ubczyce\" \/>\n<meta property=\"article:modified_time\" content=\"2025-04-24T10:34:09+00:00\" \/>\n<meta property=\"og:image\" content=\"http:\/\/viwa.com.pl\/wp-content\/uploads\/2025\/01\/Logo-Viwa-150x150.png\" \/>\n<meta name=\"twitter:card\" content=\"summary_large_image\" \/>\n<meta name=\"twitter:label1\" content=\"Szacowany czas czytania\" \/>\n\t<meta name=\"twitter:data1\" content=\"3 minuty\" \/>\n<script type=\"application\/ld+json\" class=\"yoast-schema-graph\">{\"@context\":\"https:\\\/\\\/schema.org\",\"@graph\":[{\"@type\":\"WebPage\",\"@id\":\"https:\\\/\\\/viwa.com.pl\\\/?page_id=39\",\"url\":\"https:\\\/\\\/viwa.com.pl\\\/?page_id=39\",\"name\":\"Kamie\u0144 i rdza - Viwa G\u0142ubczyce\",\"isPartOf\":{\"@id\":\"http:\\\/\\\/viwa.com.pl\\\/#website\"},\"primaryImageOfPage\":{\"@id\":\"https:\\\/\\\/viwa.com.pl\\\/?page_id=39#primaryimage\"},\"image\":{\"@id\":\"https:\\\/\\\/viwa.com.pl\\\/?page_id=39#primaryimage\"},\"thumbnailUrl\":\"http:\\\/\\\/viwa.com.pl\\\/wp-content\\\/uploads\\\/2025\\\/01\\\/Logo-Viwa-150x150.png\",\"datePublished\":\"2025-01-13T19:57:08+00:00\",\"dateModified\":\"2025-04-24T10:34:09+00:00\",\"breadcrumb\":{\"@id\":\"https:\\\/\\\/viwa.com.pl\\\/?page_id=39#breadcrumb\"},\"inLanguage\":\"pl-PL\",\"potentialAction\":[{\"@type\":\"ReadAction\",\"target\":[\"https:\\\/\\\/viwa.com.pl\\\/?page_id=39\"]}]},{\"@type\":\"ImageObject\",\"inLanguage\":\"pl-PL\",\"@id\":\"https:\\\/\\\/viwa.com.pl\\\/?page_id=39#primaryimage\",\"url\":\"https:\\\/\\\/viwa.com.pl\\\/wp-content\\\/uploads\\\/2025\\\/01\\\/Logo-Viwa.png\",\"contentUrl\":\"https:\\\/\\\/viwa.com.pl\\\/wp-content\\\/uploads\\\/2025\\\/01\\\/Logo-Viwa.png\",\"width\":512,\"height\":512,\"caption\":\"Logo Viwa\"},{\"@type\":\"BreadcrumbList\",\"@id\":\"https:\\\/\\\/viwa.com.pl\\\/?page_id=39#breadcrumb\",\"itemListElement\":[{\"@type\":\"ListItem\",\"position\":1,\"name\":\"Home\",\"item\":\"http:\\\/\\\/viwa.com.pl\\\/\"},{\"@type\":\"ListItem\",\"position\":2,\"name\":\"Kamie\u0144 i rdza\"}]},{\"@type\":\"WebSite\",\"@id\":\"http:\\\/\\\/viwa.com.pl\\\/#website\",\"url\":\"http:\\\/\\\/viwa.com.pl\\\/\",\"name\":\"Viwa G\u0142ubczyce\",\"description\":\"Hurtownia chemii\",\"publisher\":{\"@id\":\"http:\\\/\\\/viwa.com.pl\\\/#organization\"},\"potentialAction\":[{\"@type\":\"SearchAction\",\"target\":{\"@type\":\"EntryPoint\",\"urlTemplate\":\"http:\\\/\\\/viwa.com.pl\\\/?s={search_term_string}\"},\"query-input\":{\"@type\":\"PropertyValueSpecification\",\"valueRequired\":true,\"valueName\":\"search_term_string\"}}],\"inLanguage\":\"pl-PL\"},{\"@type\":\"Organization\",\"@id\":\"http:\\\/\\\/viwa.com.pl\\\/#organization\",\"name\":\"Viwa G\u0142ubczyce\",\"url\":\"http:\\\/\\\/viwa.com.pl\\\/\",\"logo\":{\"@type\":\"ImageObject\",\"inLanguage\":\"pl-PL\",\"@id\":\"http:\\\/\\\/viwa.com.pl\\\/#\\\/schema\\\/logo\\\/image\\\/\",\"url\":\"https:\\\/\\\/viwa.com.pl\\\/wp-content\\\/uploads\\\/2025\\\/01\\\/Logo-Viwa.png\",\"contentUrl\":\"https:\\\/\\\/viwa.com.pl\\\/wp-content\\\/uploads\\\/2025\\\/01\\\/Logo-Viwa.png\",\"width\":512,\"height\":512,\"caption\":\"Viwa G\u0142ubczyce\"},\"image\":{\"@id\":\"http:\\\/\\\/viwa.com.pl\\\/#\\\/schema\\\/logo\\\/image\\\/\"}}]}<\/script>\n<!-- \/ Yoast SEO plugin. -->","yoast_head_json":{"title":"Kamie\u0144 i rdza - Viwa G\u0142ubczyce","robots":{"index":"index","follow":"follow","max-snippet":"max-snippet:-1","max-image-preview":"max-image-preview:large","max-video-preview":"max-video-preview:-1"},"canonical":"https:\/\/viwa.com.pl\/?page_id=39","og_locale":"pl_PL","og_type":"article","og_title":"Kamie\u0144 i rdza - Viwa G\u0142ubczyce","og_description":"Kamie\u0144 i rdza Zacieki z rdzy, bia\u0142y nalot na kranie&#8230; Niby \u0142azienka czysta, ale wygl\u0105da, jakby nie by\u0142a sprz\u0105tana. Osady z twardej wody i \u015blady rdzy nie tylko szpec\u0105, ale s\u0105 trudne do usuni\u0119cia. Zwyk\u0142y p\u0142yn nie daje rady? Mamy na to rozwi\u0105zanie! PROFESJONALNY P\u0141YN VIWA KAMIE\u0143 I RDZA. Nowatorska formu\u0142a Nasza nowatorska formu\u0142a zosta\u0142a [&hellip;]","og_url":"https:\/\/viwa.com.pl\/?page_id=39","og_site_name":"Viwa G\u0142ubczyce","article_modified_time":"2025-04-24T10:34:09+00:00","og_image":[{"url":"http:\/\/viwa.com.pl\/wp-content\/uploads\/2025\/01\/Logo-Viwa-150x150.png","type":"","width":"","height":""}],"twitter_card":"summary_large_image","twitter_misc":{"Szacowany czas czytania":"3 minuty"},"schema":{"@context":"https:\/\/schema.org","@graph":[{"@type":"WebPage","@id":"https:\/\/viwa.com.pl\/?page_id=39","url":"https:\/\/viwa.com.pl\/?page_id=39","name":"Kamie\u0144 i rdza - Viwa G\u0142ubczyce","isPartOf":{"@id":"http:\/\/viwa.com.pl\/#website"},"primaryImageOfPage":{"@id":"https:\/\/viwa.com.pl\/?page_id=39#primaryimage"},"image":{"@id":"https:\/\/viwa.com.pl\/?page_id=39#primaryimage"},"thumbnailUrl":"http:\/\/viwa.com.pl\/wp-content\/uploads\/2025\/01\/Logo-Viwa-150x150.png","datePublished":"2025-01-13T19:57:08+00:00","dateModified":"2025-04-24T10:34:09+00:00","breadcrumb":{"@id":"https:\/\/viwa.com.pl\/?page_id=39#breadcrumb"},"inLanguage":"pl-PL","potentialAction":[{"@type":"ReadAction","target":["https:\/\/viwa.com.pl\/?page_id=39"]}]},{"@type":"ImageObject","inLanguage":"pl-PL","@id":"https:\/\/viwa.com.pl\/?page_id=39#primaryimage","url":"https:\/\/viwa.com.pl\/wp-content\/uploads\/2025\/01\/Logo-Viwa.png","contentUrl":"https:\/\/viwa.com.pl\/wp-content\/uploads\/2025\/01\/Logo-Viwa.png","width":512,"height":512,"caption":"Logo Viwa"},{"@type":"BreadcrumbList","@id":"https:\/\/viwa.com.pl\/?page_id=39#breadcrumb","itemListElement":[{"@type":"ListItem","position":1,"name":"Home","item":"http:\/\/viwa.com.pl\/"},{"@type":"ListItem","position":2,"name":"Kamie\u0144 i rdza"}]},{"@type":"WebSite","@id":"http:\/\/viwa.com.pl\/#website","url":"http:\/\/viwa.com.pl\/","name":"Viwa G\u0142ubczyce","description":"Hurtownia chemii","publisher":{"@id":"http:\/\/viwa.com.pl\/#organization"},"potentialAction":[{"@type":"SearchAction","target":{"@type":"EntryPoint","urlTemplate":"http:\/\/viwa.com.pl\/?s={search_term_string}"},"query-input":{"@type":"PropertyValueSpecification","valueRequired":true,"valueName":"search_term_string"}}],"inLanguage":"pl-PL"},{"@type":"Organization","@id":"http:\/\/viwa.com.pl\/#organization","name":"Viwa G\u0142ubczyce","url":"http:\/\/viwa.com.pl\/","logo":{"@type":"ImageObject","inLanguage":"pl-PL","@id":"http:\/\/viwa.com.pl\/#\/schema\/logo\/image\/","url":"https:\/\/viwa.com.pl\/wp-content\/uploads\/2025\/01\/Logo-Viwa.png","contentUrl":"https:\/\/viwa.com.pl\/wp-content\/uploads\/2025\/01\/Logo-Viwa.png","width":512,"height":512,"caption":"Viwa G\u0142ubczyce"},"image":{"@id":"http:\/\/viwa.com.pl\/#\/schema\/logo\/image\/"}}]}},"_links":{"self":[{"href":"https:\/\/viwa.com.pl\/index.php?rest_route=\/wp\/v2\/pages\/39","targetHints":{"allow":["GET"]}}],"collection":[{"href":"https:\/\/viwa.com.pl\/index.php?rest_route=\/wp\/v2\/pages"}],"about":[{"href":"https:\/\/viwa.com.pl\/index.php?rest_route=\/wp\/v2\/types\/page"}],"author":[{"embeddable":true,"href":"https:\/\/viwa.com.pl\/index.php?rest_route=\/wp\/v2\/users\/1"}],"replies":[{"embeddable":true,"href":"https:\/\/viwa.com.pl\/index.php?rest_route=%2Fwp%2Fv2%2Fcomments&post=39"}],"version-history":[{"count":75,"href":"https:\/\/viwa.com.pl\/index.php?rest_route=\/wp\/v2\/pages\/39\/revisions"}],"predecessor-version":[{"id":370,"href":"https:\/\/viwa.com.pl\/index.php?rest_route=\/wp\/v2\/pages\/39\/revisions\/370"}],"wp:attachment":[{"href":"https:\/\/viwa.com.pl\/index.php?rest_route=%2Fwp%2Fv2%2Fmedia&parent=39"}],"curies":[{"name":"wp","href":"https:\/\/api.w.org\/{rel}","templated":true}]}}